{"id":8532,"date":"2025-09-30T12:38:02","date_gmt":"2025-09-30T10:38:02","guid":{"rendered":"https:\/\/www.retroshopen.nu\/?post_type=product&#038;p=8532"},"modified":"2025-09-30T12:40:33","modified_gmt":"2025-09-30T10:40:33","slug":"man-cave-20x30cm","status":"publish","type":"product","link":"https:\/\/www.retroshopen.nu\/index.php\/produkt\/man-cave-20x30cm\/","title":{"rendered":"Man Cave (20x30cm)"},"content":{"rendered":"<p>Metallskylt med pr\u00e4glad yta<\/p>\n<p>Baksidan \u00e4r f\u00f6r att visa vad pr\u00e4glad yta \u00e4r<\/p>\n","protected":false},"excerpt":{"rendered":"<p>Metallskylt med pr\u00e4glad yta Baksidan \u00e4r f\u00f6r att visa vad pr\u00e4glad yta \u00e4r<\/p>\n","protected":false},"featured_media":8533,"template":"","meta":[],"product_brand":[],"product_cat":[72,54],"product_tag":[],"class_list":{"0":"post-8532","1":"product","2":"type-product","3":"status-publish","4":"has-post-thumbnail","6":"product_cat-metallskylt-praglad-yta-20x30-cm","7":"product_cat-metallskyltar-2","9":"first","10":"instock","11":"taxable","12":"shipping-taxable","13":"purchasable","14":"product-type-simple"},"_links":{"self":[{"href":"https:\/\/www.retroshopen.nu\/index.php\/wp-json\/wp\/v2\/product\/8532","targetHints":{"allow":["GET"]}}],"collection":[{"href":"https:\/\/www.retroshopen.nu\/index.php\/wp-json\/wp\/v2\/product"}],"about":[{"href":"https:\/\/www.retroshopen.nu\/index.php\/wp-json\/wp\/v2\/types\/product"}],"wp:featuredmedia":[{"embeddable":true,"href":"https:\/\/www.retroshopen.nu\/index.php\/wp-json\/wp\/v2\/media\/8533"}],"wp:attachment":[{"href":"https:\/\/www.retroshopen.nu\/index.php\/wp-json\/wp\/v2\/media?parent=8532"}],"wp:term":[{"taxonomy":"product_brand","embeddable":true,"href":"https:\/\/www.retroshopen.nu\/index.php\/wp-json\/wp\/v2\/product_brand?post=8532"},{"taxonomy":"product_cat","embeddable":true,"href":"https:\/\/www.retroshopen.nu\/index.php\/wp-json\/wp\/v2\/product_cat?post=8532"},{"taxonomy":"product_tag","embeddable":true,"href":"https:\/\/www.retroshopen.nu\/index.php\/wp-json\/wp\/v2\/product_tag?post=8532"}],"curies":[{"name":"wp","href":"https:\/\/api.w.org\/{rel}","templated":true}]}}