{"id":8508,"date":"2025-09-29T09:34:35","date_gmt":"2025-09-29T07:34:35","guid":{"rendered":"https:\/\/www.retroshopen.nu\/?post_type=product&#038;p=8508"},"modified":"2025-11-05T16:06:23","modified_gmt":"2025-11-05T15:06:23","slug":"marilyn-monroe-44-x-133-cm-djup-2-cm","status":"publish","type":"product","link":"https:\/\/www.retroshopen.nu\/index.php\/produkt\/marilyn-monroe-44-x-133-cm-djup-2-cm\/","title":{"rendered":"Marilyn Monroe (44 x 13,3 cm. Djup 2 cm)"},"content":{"rendered":"<p>Storlek: 44 x 13,3 cm.\u00a0Djup 2 cm.<\/p>\n<p>&nbsp;<\/p>\n<p>Dessa termometrar \u00e4r tillverkade med en fyrf\u00e4rgsprocess som klarar det mesta som Moder Natur har att erbjuda vad g\u00e4ller v\u00e4der och vind. Mycket robust och stor termometer f\u00f6r b\u00e5de inomhus- och utomhusbruk i b\u00e5de Fahrenheit och Celcius. Levereras med f\u00f6r borrade h\u00e5l f\u00f6r permanent montering med skruv alternativt h\u00e4ng den rakt p\u00e5 en spik<\/p>\n","protected":false},"excerpt":{"rendered":"<p>Storlek: 44 x 13,3 cm.\u00a0Djup 2 cm. &nbsp; Dessa termometrar \u00e4r tillverkade med en fyrf\u00e4rgsprocess som klarar det mesta som Moder Natur har att erbjuda vad g\u00e4ller v\u00e4der och vind. Mycket robust och stor termometer f\u00f6r b\u00e5de inomhus- och utomhusbruk i b\u00e5de Fahrenheit och Celcius. Levereras med f\u00f6r borrade h\u00e5l f\u00f6r permanent montering med skruv [&hellip;]<\/p>\n","protected":false},"featured_media":8504,"template":"","meta":[],"product_brand":[],"product_cat":[67,20],"product_tag":[],"class_list":{"0":"post-8508","1":"product","2":"type-product","3":"status-publish","4":"has-post-thumbnail","6":"product_cat-termometer","7":"product_cat-hem-hushall","9":"first","10":"outofstock","11":"taxable","12":"shipping-taxable","13":"purchasable","14":"product-type-simple"},"_links":{"self":[{"href":"https:\/\/www.retroshopen.nu\/index.php\/wp-json\/wp\/v2\/product\/8508","targetHints":{"allow":["GET"]}}],"collection":[{"href":"https:\/\/www.retroshopen.nu\/index.php\/wp-json\/wp\/v2\/product"}],"about":[{"href":"https:\/\/www.retroshopen.nu\/index.php\/wp-json\/wp\/v2\/types\/product"}],"wp:featuredmedia":[{"embeddable":true,"href":"https:\/\/www.retroshopen.nu\/index.php\/wp-json\/wp\/v2\/media\/8504"}],"wp:attachment":[{"href":"https:\/\/www.retroshopen.nu\/index.php\/wp-json\/wp\/v2\/media?parent=8508"}],"wp:term":[{"taxonomy":"product_brand","embeddable":true,"href":"https:\/\/www.retroshopen.nu\/index.php\/wp-json\/wp\/v2\/product_brand?post=8508"},{"taxonomy":"product_cat","embeddable":true,"href":"https:\/\/www.retroshopen.nu\/index.php\/wp-json\/wp\/v2\/product_cat?post=8508"},{"taxonomy":"product_tag","embeddable":true,"href":"https:\/\/www.retroshopen.nu\/index.php\/wp-json\/wp\/v2\/product_tag?post=8508"}],"curies":[{"name":"wp","href":"https:\/\/api.w.org\/{rel}","templated":true}]}}