{"id":8357,"date":"2025-04-14T17:13:28","date_gmt":"2025-04-14T15:13:28","guid":{"rendered":"https:\/\/www.retroshopen.nu\/?post_type=product&#038;p=8357"},"modified":"2025-04-14T17:13:28","modified_gmt":"2025-04-14T15:13:28","slug":"vinyltvatt-7-10-12-ultraljudstvatt","status":"publish","type":"product","link":"https:\/\/www.retroshopen.nu\/index.php\/produkt\/vinyltvatt-7-10-12-ultraljudstvatt\/","title":{"rendered":"Vinyltv\u00e4tt 7&#8243; 10&#8243; 12&#8243; Ultraljudstv\u00e4tt"},"content":{"rendered":"<p>Om denna artikel<br \/>\n\u3010UTM\u00c4RKT MATERIAL\u3011 &#8211; \u00d6vergripande struktur gjord av 304 rostfritt st\u00e5l, inv\u00e4ndig vattentankstorlek: 11,8 x 5,9 x 5,9 tum (30 x 15 x 15 cm). Antirost efter l\u00e5ngvarig anv\u00e4ndning, inget v\u00e4tskel\u00e4ckage. Locket av rostfritt st\u00e5l kan f\u00f6rhindra att damm kommer in n\u00e4r det inte anv\u00e4nds.<br \/>\n\u3010RENG\u00d6RINGSFABILITET\u3011 &#8211; Ultraljudsfrekvens: 40kHz, 3 x 180W givare. Ultraljudsskivrensaren kan reng\u00f6ra 6 skivor samtidigt, rekordstorlek: 7-12 tum (17,78-30,48 cm).<br \/>\n\u3010JUSTERBAR DESIGN\u3011 &#8211; F\u00f6r att m\u00f6ta olika behov kan tv\u00e4tttemperaturen justeras mellan 20 och 80 \u00b0C. Arbetstiden kan ocks\u00e5 justeras: 0-30 minuter.<br \/>\n\u3010KONTROLLPANEL\u3011 &#8211; Digital display och kontrollpanel f\u00f6r exakt tv\u00e4tttid och temperaturkontroll. Knappinst\u00e4llning, en kommersiell ultraljudsreng\u00f6rare \u00e4r enkel och l\u00e4tt att anv\u00e4nda.<br \/>\n\u3010KOMPLETTA TILLBEH\u00d6R\u3011- Paketet inneh\u00e5ller en 6L ultraljudsskivor, ett reng\u00f6ringsst\u00e4ll, ett torkst\u00e4ll, en skruvmejsel, ett lock, en n\u00e4tsladd och stickpropp och en bruksanvisning.<\/p>\n","protected":false},"excerpt":{"rendered":"<p>Om denna artikel \u3010UTM\u00c4RKT MATERIAL\u3011 &#8211; \u00d6vergripande struktur gjord av 304 rostfritt st\u00e5l, inv\u00e4ndig vattentankstorlek: 11,8 x 5,9 x 5,9 tum (30 x 15 x 15 cm). Antirost efter l\u00e5ngvarig anv\u00e4ndning, inget v\u00e4tskel\u00e4ckage. Locket av rostfritt st\u00e5l kan f\u00f6rhindra att damm kommer in n\u00e4r det inte anv\u00e4nds. \u3010RENG\u00d6RINGSFABILITET\u3011 &#8211; Ultraljudsfrekvens: 40kHz, 3 x 180W givare. [&hellip;]<\/p>\n","protected":false},"featured_media":8358,"template":"","meta":[],"product_brand":[],"product_cat":[53,46],"product_tag":[],"class_list":{"0":"post-8357","1":"product","2":"type-product","3":"status-publish","4":"has-post-thumbnail","6":"product_cat-musik","7":"product_cat-emballage","9":"first","10":"instock","11":"taxable","12":"shipping-taxable","13":"purchasable","14":"product-type-simple"},"_links":{"self":[{"href":"https:\/\/www.retroshopen.nu\/index.php\/wp-json\/wp\/v2\/product\/8357","targetHints":{"allow":["GET"]}}],"collection":[{"href":"https:\/\/www.retroshopen.nu\/index.php\/wp-json\/wp\/v2\/product"}],"about":[{"href":"https:\/\/www.retroshopen.nu\/index.php\/wp-json\/wp\/v2\/types\/product"}],"wp:featuredmedia":[{"embeddable":true,"href":"https:\/\/www.retroshopen.nu\/index.php\/wp-json\/wp\/v2\/media\/8358"}],"wp:attachment":[{"href":"https:\/\/www.retroshopen.nu\/index.php\/wp-json\/wp\/v2\/media?parent=8357"}],"wp:term":[{"taxonomy":"product_brand","embeddable":true,"href":"https:\/\/www.retroshopen.nu\/index.php\/wp-json\/wp\/v2\/product_brand?post=8357"},{"taxonomy":"product_cat","embeddable":true,"href":"https:\/\/www.retroshopen.nu\/index.php\/wp-json\/wp\/v2\/product_cat?post=8357"},{"taxonomy":"product_tag","embeddable":true,"href":"https:\/\/www.retroshopen.nu\/index.php\/wp-json\/wp\/v2\/product_tag?post=8357"}],"curies":[{"name":"wp","href":"https:\/\/api.w.org\/{rel}","templated":true}]}}