{"id":7870,"date":"2023-08-29T08:46:14","date_gmt":"2023-08-29T06:46:14","guid":{"rendered":"https:\/\/www.retroshopen.nu\/?post_type=product&#038;p=7870"},"modified":"2025-09-25T09:41:30","modified_gmt":"2025-09-25T07:41:30","slug":"coffee-40x77x15-cm","status":"publish","type":"product","link":"https:\/\/www.retroshopen.nu\/index.php\/produkt\/coffee-40x77x15-cm\/","title":{"rendered":"Coffee ( 40x77x1,5 cm)"},"content":{"rendered":"<p>Metallskylt med pr\u00e4glad yta skyltarna med text och bild sitter p\u00e5 2 st st\u00e5lprofiler<\/p>\n","protected":false},"excerpt":{"rendered":"<p>Metallskylt med pr\u00e4glad yta skyltarna med text och bild sitter p\u00e5 2 st st\u00e5lprofiler<\/p>\n","protected":false},"featured_media":7871,"template":"","meta":[],"product_brand":[],"product_cat":[54,22],"product_tag":[],"class_list":{"0":"post-7870","1":"product","2":"type-product","3":"status-publish","4":"has-post-thumbnail","6":"product_cat-metallskyltar-2","7":"product_cat-metallskylt-skuren","9":"first","10":"instock","11":"taxable","12":"shipping-taxable","13":"purchasable","14":"product-type-simple"},"_links":{"self":[{"href":"https:\/\/www.retroshopen.nu\/index.php\/wp-json\/wp\/v2\/product\/7870","targetHints":{"allow":["GET"]}}],"collection":[{"href":"https:\/\/www.retroshopen.nu\/index.php\/wp-json\/wp\/v2\/product"}],"about":[{"href":"https:\/\/www.retroshopen.nu\/index.php\/wp-json\/wp\/v2\/types\/product"}],"wp:featuredmedia":[{"embeddable":true,"href":"https:\/\/www.retroshopen.nu\/index.php\/wp-json\/wp\/v2\/media\/7871"}],"wp:attachment":[{"href":"https:\/\/www.retroshopen.nu\/index.php\/wp-json\/wp\/v2\/media?parent=7870"}],"wp:term":[{"taxonomy":"product_brand","embeddable":true,"href":"https:\/\/www.retroshopen.nu\/index.php\/wp-json\/wp\/v2\/product_brand?post=7870"},{"taxonomy":"product_cat","embeddable":true,"href":"https:\/\/www.retroshopen.nu\/index.php\/wp-json\/wp\/v2\/product_cat?post=7870"},{"taxonomy":"product_tag","embeddable":true,"href":"https:\/\/www.retroshopen.nu\/index.php\/wp-json\/wp\/v2\/product_tag?post=7870"}],"curies":[{"name":"wp","href":"https:\/\/api.w.org\/{rel}","templated":true}]}}