{"id":7855,"date":"2023-08-09T19:05:57","date_gmt":"2023-08-09T17:05:57","guid":{"rendered":"https:\/\/www.retroshopen.nu\/?post_type=product&#038;p=7855"},"modified":"2023-08-09T19:13:40","modified_gmt":"2023-08-09T17:13:40","slug":"rca-bolagspase-original-kopia","status":"publish","type":"product","link":"https:\/\/www.retroshopen.nu\/index.php\/produkt\/rca-bolagspase-original-kopia\/","title":{"rendered":"RCA  Bolagsp\u00e5se (Original)"},"content":{"rendered":"<p>bolagsp\u00e5se original USA skrivit h\u00f6ger mitt se bild\u00a0 men \u00f6vrigt i bra skick<\/p>\n<p>Vid k\u00f6p av enbart bolagsp\u00e5sar s\u00e5 \u00e4r frakten 50 kr Skickas med postnord dra av 50 kr n\u00e4r ni betalar<\/p>\n<p>eller skicka ett mejl om ni \u00e4r os\u00e4kra<\/p>\n","protected":false},"excerpt":{"rendered":"<p>bolagsp\u00e5se original USA skrivit h\u00f6ger mitt se bild\u00a0 men \u00f6vrigt i bra skick Vid k\u00f6p av enbart bolagsp\u00e5sar s\u00e5 \u00e4r frakten 50 kr Skickas med postnord dra av 50 kr n\u00e4r ni betalar eller skicka ett mejl om ni \u00e4r os\u00e4kra<\/p>\n","protected":false},"featured_media":7838,"template":"","meta":[],"product_brand":[],"product_cat":[69,53],"product_tag":[],"class_list":{"0":"post-7855","1":"product","2":"type-product","3":"status-publish","4":"has-post-thumbnail","6":"product_cat-bolagspase-company-sleeve","7":"product_cat-musik","9":"first","10":"instock","11":"taxable","12":"shipping-taxable","13":"purchasable","14":"product-type-simple"},"_links":{"self":[{"href":"https:\/\/www.retroshopen.nu\/index.php\/wp-json\/wp\/v2\/product\/7855","targetHints":{"allow":["GET"]}}],"collection":[{"href":"https:\/\/www.retroshopen.nu\/index.php\/wp-json\/wp\/v2\/product"}],"about":[{"href":"https:\/\/www.retroshopen.nu\/index.php\/wp-json\/wp\/v2\/types\/product"}],"wp:featuredmedia":[{"embeddable":true,"href":"https:\/\/www.retroshopen.nu\/index.php\/wp-json\/wp\/v2\/media\/7838"}],"wp:attachment":[{"href":"https:\/\/www.retroshopen.nu\/index.php\/wp-json\/wp\/v2\/media?parent=7855"}],"wp:term":[{"taxonomy":"product_brand","embeddable":true,"href":"https:\/\/www.retroshopen.nu\/index.php\/wp-json\/wp\/v2\/product_brand?post=7855"},{"taxonomy":"product_cat","embeddable":true,"href":"https:\/\/www.retroshopen.nu\/index.php\/wp-json\/wp\/v2\/product_cat?post=7855"},{"taxonomy":"product_tag","embeddable":true,"href":"https:\/\/www.retroshopen.nu\/index.php\/wp-json\/wp\/v2\/product_tag?post=7855"}],"curies":[{"name":"wp","href":"https:\/\/api.w.org\/{rel}","templated":true}]}}