{"id":7803,"date":"2023-08-09T13:02:57","date_gmt":"2023-08-09T11:02:57","guid":{"rendered":"https:\/\/www.retroshopen.nu\/?post_type=product&#038;p=7803"},"modified":"2025-02-08T13:59:07","modified_gmt":"2025-02-08T12:59:07","slug":"rca-bolagspase-original","status":"publish","type":"product","link":"https:\/\/www.retroshopen.nu\/index.php\/produkt\/rca-bolagspase-original\/","title":{"rendered":"RCA Bolagsp\u00e5se (Original 1974)"},"content":{"rendered":"<p>RCA bolagsp\u00e5se original USA kan f\u00f6rekomma stick m\u00e4rke efter h\u00e4ftklammer<\/p>\n<p>Vid k\u00f6p av enbart bolagsp\u00e5sar s\u00e5 \u00e4r frakten 50 kr dra av 50 kr n\u00e4r ni betalar<\/p>\n<p>eller skicka ett mejl om ni \u00e4r os\u00e4kra<\/p>\n","protected":false},"excerpt":{"rendered":"<p>RCA bolagsp\u00e5se original USA kan f\u00f6rekomma stick m\u00e4rke efter h\u00e4ftklammer Vid k\u00f6p av enbart bolagsp\u00e5sar s\u00e5 \u00e4r frakten 50 kr dra av 50 kr n\u00e4r ni betalar eller skicka ett mejl om ni \u00e4r os\u00e4kra<\/p>\n","protected":false},"featured_media":7800,"template":"","meta":[],"product_brand":[],"product_cat":[69,53],"product_tag":[],"class_list":{"0":"post-7803","1":"product","2":"type-product","3":"status-publish","4":"has-post-thumbnail","6":"product_cat-bolagspase-company-sleeve","7":"product_cat-musik","9":"first","10":"instock","11":"taxable","12":"shipping-taxable","13":"purchasable","14":"product-type-simple"},"_links":{"self":[{"href":"https:\/\/www.retroshopen.nu\/index.php\/wp-json\/wp\/v2\/product\/7803","targetHints":{"allow":["GET"]}}],"collection":[{"href":"https:\/\/www.retroshopen.nu\/index.php\/wp-json\/wp\/v2\/product"}],"about":[{"href":"https:\/\/www.retroshopen.nu\/index.php\/wp-json\/wp\/v2\/types\/product"}],"wp:featuredmedia":[{"embeddable":true,"href":"https:\/\/www.retroshopen.nu\/index.php\/wp-json\/wp\/v2\/media\/7800"}],"wp:attachment":[{"href":"https:\/\/www.retroshopen.nu\/index.php\/wp-json\/wp\/v2\/media?parent=7803"}],"wp:term":[{"taxonomy":"product_brand","embeddable":true,"href":"https:\/\/www.retroshopen.nu\/index.php\/wp-json\/wp\/v2\/product_brand?post=7803"},{"taxonomy":"product_cat","embeddable":true,"href":"https:\/\/www.retroshopen.nu\/index.php\/wp-json\/wp\/v2\/product_cat?post=7803"},{"taxonomy":"product_tag","embeddable":true,"href":"https:\/\/www.retroshopen.nu\/index.php\/wp-json\/wp\/v2\/product_tag?post=7803"}],"curies":[{"name":"wp","href":"https:\/\/api.w.org\/{rel}","templated":true}]}}