{"id":7399,"date":"2023-04-25T11:18:25","date_gmt":"2023-04-25T09:18:25","guid":{"rendered":"https:\/\/www.retroshopen.nu\/?post_type=product&#038;p=7399"},"modified":"2025-09-25T09:45:35","modified_gmt":"2025-09-25T07:45:35","slug":"shell-bensinpump-23x69-cm","status":"publish","type":"product","link":"https:\/\/www.retroshopen.nu\/index.php\/produkt\/shell-bensinpump-23x69-cm\/","title":{"rendered":"Shell bensinpump (23&#215;69 cm)"},"content":{"rendered":"<p>Storlek: 23 x 69 cm.<\/p>\n<p>Plasmaskuren skylt i 3,3 mm tjockt st\u00e5l.\u00a0Licensierad av Shells Vintage History Collection.<\/p>\n<p>Denna skylt \u00e4r handgjord i USA med 3,3 mm tjockt amerikanskt st\u00e5l och en process som kallas sublimering, d\u00e4r bilden bakas in i en pulverlack f\u00f6r en h\u00e5llbar och l\u00e5ngvarig finish.<\/p>\n","protected":false},"excerpt":{"rendered":"<p>Storlek: 23 x 69 cm. Plasmaskuren skylt i 3,3 mm tjockt st\u00e5l.\u00a0Licensierad av Shells Vintage History Collection. Denna skylt \u00e4r handgjord i USA med 3,3 mm tjockt amerikanskt st\u00e5l och en process som kallas sublimering, d\u00e4r bilden bakas in i en pulverlack f\u00f6r en h\u00e5llbar och l\u00e5ngvarig finish.<\/p>\n","protected":false},"featured_media":7400,"template":"","meta":[],"product_brand":[],"product_cat":[54,22],"product_tag":[],"class_list":{"0":"post-7399","1":"product","2":"type-product","3":"status-publish","4":"has-post-thumbnail","6":"product_cat-metallskyltar-2","7":"product_cat-metallskylt-skuren","9":"first","10":"instock","11":"sale","12":"taxable","13":"shipping-taxable","14":"purchasable","15":"product-type-simple"},"_links":{"self":[{"href":"https:\/\/www.retroshopen.nu\/index.php\/wp-json\/wp\/v2\/product\/7399","targetHints":{"allow":["GET"]}}],"collection":[{"href":"https:\/\/www.retroshopen.nu\/index.php\/wp-json\/wp\/v2\/product"}],"about":[{"href":"https:\/\/www.retroshopen.nu\/index.php\/wp-json\/wp\/v2\/types\/product"}],"wp:featuredmedia":[{"embeddable":true,"href":"https:\/\/www.retroshopen.nu\/index.php\/wp-json\/wp\/v2\/media\/7400"}],"wp:attachment":[{"href":"https:\/\/www.retroshopen.nu\/index.php\/wp-json\/wp\/v2\/media?parent=7399"}],"wp:term":[{"taxonomy":"product_brand","embeddable":true,"href":"https:\/\/www.retroshopen.nu\/index.php\/wp-json\/wp\/v2\/product_brand?post=7399"},{"taxonomy":"product_cat","embeddable":true,"href":"https:\/\/www.retroshopen.nu\/index.php\/wp-json\/wp\/v2\/product_cat?post=7399"},{"taxonomy":"product_tag","embeddable":true,"href":"https:\/\/www.retroshopen.nu\/index.php\/wp-json\/wp\/v2\/product_tag?post=7399"}],"curies":[{"name":"wp","href":"https:\/\/api.w.org\/{rel}","templated":true}]}}