{"id":7265,"date":"2023-04-23T13:26:24","date_gmt":"2023-04-23T11:26:24","guid":{"rendered":"https:\/\/www.retroshopen.nu\/?post_type=product&#038;p=7265"},"modified":"2023-05-15T14:50:00","modified_gmt":"2023-05-15T12:50:00","slug":"luckys-bar-25-x-46-cm","status":"publish","type":"product","link":"https:\/\/www.retroshopen.nu\/index.php\/produkt\/luckys-bar-25-x-46-cm\/","title":{"rendered":"Lucky&#8217;s Bar ( 25 x 46 cm)"},"content":{"rendered":"<p><span>Storlek ca: 25 x 46 cm.<\/span><\/p>\n<p><span>Ritad av konstn\u00e4ren Larry Grossman.\u00a0Skylt med motiv av en neonskylt med namnet Lucky&#8217;s Bar.<\/span><\/p>\n<p><span>Denna skylt \u00e4r handgjord i USA med 3,3 mm tjockt amerikanskt st\u00e5l och en process som kallas sublimering, d\u00e4r bilden bakas in i en pulverlack f\u00f6r en h\u00e5llbar och l\u00e5ngvarig finish.<\/span><\/p>\n<p><strong><span>UPPM\u00c4RKSAMHET!\u00a0L\u00e4s noga &#8211; Detta \u00e4r inte en elektrisk neonskylt!<\/span><\/strong><\/p>\n","protected":false},"excerpt":{"rendered":"<p>Storlek ca: 25 x 46 cm. Ritad av konstn\u00e4ren Larry Grossman.\u00a0Skylt med motiv av en neonskylt med namnet Lucky&#8217;s Bar. Denna skylt \u00e4r handgjord i USA med 3,3 mm tjockt amerikanskt st\u00e5l och en process som kallas sublimering, d\u00e4r bilden bakas in i en pulverlack f\u00f6r en h\u00e5llbar och l\u00e5ngvarig finish. UPPM\u00c4RKSAMHET!\u00a0L\u00e4s noga &#8211; Detta [&hellip;]<\/p>\n","protected":false},"featured_media":7266,"template":"","meta":[],"product_brand":[],"product_cat":[54,22],"product_tag":[],"class_list":{"0":"post-7265","1":"product","2":"type-product","3":"status-publish","4":"has-post-thumbnail","6":"product_cat-metallskyltar-2","7":"product_cat-metallskylt-skuren","9":"first","10":"instock","11":"taxable","12":"shipping-taxable","13":"purchasable","14":"product-type-simple"},"_links":{"self":[{"href":"https:\/\/www.retroshopen.nu\/index.php\/wp-json\/wp\/v2\/product\/7265","targetHints":{"allow":["GET"]}}],"collection":[{"href":"https:\/\/www.retroshopen.nu\/index.php\/wp-json\/wp\/v2\/product"}],"about":[{"href":"https:\/\/www.retroshopen.nu\/index.php\/wp-json\/wp\/v2\/types\/product"}],"wp:featuredmedia":[{"embeddable":true,"href":"https:\/\/www.retroshopen.nu\/index.php\/wp-json\/wp\/v2\/media\/7266"}],"wp:attachment":[{"href":"https:\/\/www.retroshopen.nu\/index.php\/wp-json\/wp\/v2\/media?parent=7265"}],"wp:term":[{"taxonomy":"product_brand","embeddable":true,"href":"https:\/\/www.retroshopen.nu\/index.php\/wp-json\/wp\/v2\/product_brand?post=7265"},{"taxonomy":"product_cat","embeddable":true,"href":"https:\/\/www.retroshopen.nu\/index.php\/wp-json\/wp\/v2\/product_cat?post=7265"},{"taxonomy":"product_tag","embeddable":true,"href":"https:\/\/www.retroshopen.nu\/index.php\/wp-json\/wp\/v2\/product_tag?post=7265"}],"curies":[{"name":"wp","href":"https:\/\/api.w.org\/{rel}","templated":true}]}}