{"id":726,"date":"2016-12-14T15:57:54","date_gmt":"2016-12-14T14:57:54","guid":{"rendered":"http:\/\/www.retroshopen.nu\/?post_type=product&#038;p=726"},"modified":"2025-11-27T18:58:07","modified_gmt":"2025-11-27T17:58:07","slug":"record-case-brun","status":"publish","type":"product","link":"https:\/\/www.retroshopen.nu\/index.php\/produkt\/record-case-brun\/","title":{"rendered":"Record Case Brun"},"content":{"rendered":"<p><em>Beh\u00f6ver du n\u00e5gonstans att f\u00f6vara dina vinyl singlar<\/em><\/p>\n<p><em>Denna exklusiva box rymmer ca 50 st skivor med omslag,<\/em><\/p>\n<p><em>har skyddande metallh\u00f6rn i retro stil och finns i fyra olika f\u00e4rger<\/em><\/p>\n<p><em>tillverkad av MDF (Tr\u00e4)och imitations skin, insida fodrad 4st gummif\u00f6tter medf\u00f6ljer som kan f\u00e4stas p\u00e5 undersidan<\/em><\/p>\n<p><em>En riktig lyxig v\u00e4ska f\u00f6r vinyl singlar<\/em><\/p>\n","protected":false},"excerpt":{"rendered":"<p>Beh\u00f6ver du n\u00e5gonstans att f\u00f6vara dina vinyl singlar Denna exklusiva box rymmer ca 50 st skivor med omslag, har skyddande metallh\u00f6rn i retro stil och finns i fyra olika f\u00e4rger tillverkad av MDF (Tr\u00e4)och imitations skin, insida fodrad 4st gummif\u00f6tter medf\u00f6ljer som kan f\u00e4stas p\u00e5 undersidan En riktig lyxig v\u00e4ska f\u00f6r vinyl singlar<\/p>\n","protected":false},"featured_media":717,"template":"","meta":[],"product_brand":[],"product_cat":[46],"product_tag":[],"class_list":{"0":"post-726","1":"product","2":"type-product","3":"status-publish","4":"has-post-thumbnail","6":"product_cat-emballage","8":"first","9":"instock","10":"taxable","11":"shipping-taxable","12":"purchasable","13":"product-type-simple"},"_links":{"self":[{"href":"https:\/\/www.retroshopen.nu\/index.php\/wp-json\/wp\/v2\/product\/726","targetHints":{"allow":["GET"]}}],"collection":[{"href":"https:\/\/www.retroshopen.nu\/index.php\/wp-json\/wp\/v2\/product"}],"about":[{"href":"https:\/\/www.retroshopen.nu\/index.php\/wp-json\/wp\/v2\/types\/product"}],"wp:featuredmedia":[{"embeddable":true,"href":"https:\/\/www.retroshopen.nu\/index.php\/wp-json\/wp\/v2\/media\/717"}],"wp:attachment":[{"href":"https:\/\/www.retroshopen.nu\/index.php\/wp-json\/wp\/v2\/media?parent=726"}],"wp:term":[{"taxonomy":"product_brand","embeddable":true,"href":"https:\/\/www.retroshopen.nu\/index.php\/wp-json\/wp\/v2\/product_brand?post=726"},{"taxonomy":"product_cat","embeddable":true,"href":"https:\/\/www.retroshopen.nu\/index.php\/wp-json\/wp\/v2\/product_cat?post=726"},{"taxonomy":"product_tag","embeddable":true,"href":"https:\/\/www.retroshopen.nu\/index.php\/wp-json\/wp\/v2\/product_tag?post=726"}],"curies":[{"name":"wp","href":"https:\/\/api.w.org\/{rel}","templated":true}]}}