{"id":6534,"date":"2023-01-12T17:25:03","date_gmt":"2023-01-12T16:25:03","guid":{"rendered":"https:\/\/www.retroshopen.nu\/?post_type=product&#038;p=6534"},"modified":"2025-10-28T19:18:01","modified_gmt":"2025-10-28T18:18:01","slug":"agneta-faltskog-snovit-och-de-7-dvargarna","status":"publish","type":"product","link":"https:\/\/www.retroshopen.nu\/index.php\/produkt\/agneta-faltskog-snovit-och-de-7-dvargarna\/","title":{"rendered":"Agneta F\u00e4ltskog &#8211; Sn\u00f6vit och de 7 dv\u00e4rgarna"},"content":{"rendered":"<p>Agneta F\u00e4ltskog &#8211; Sn\u00f6vit och de 7 dv\u00e4rgarna<\/p>\n<p>Omslag s\u00e5 gott som mint samma skivan p\u00e5 b\u00e5da sidor<\/p>\n","protected":false},"excerpt":{"rendered":"<p>Agneta F\u00e4ltskog &#8211; Sn\u00f6vit och de 7 dv\u00e4rgarna Omslag s\u00e5 gott som mint samma skivan p\u00e5 b\u00e5da sidor<\/p>\n","protected":false},"featured_media":6535,"template":"","meta":[],"product_brand":[],"product_cat":[49],"product_tag":[],"class_list":{"0":"post-6534","1":"product","2":"type-product","3":"status-publish","4":"has-post-thumbnail","6":"product_cat-singlar-ep-45rpm","8":"first","9":"outofstock","10":"taxable","11":"shipping-taxable","12":"purchasable","13":"product-type-simple"},"_links":{"self":[{"href":"https:\/\/www.retroshopen.nu\/index.php\/wp-json\/wp\/v2\/product\/6534","targetHints":{"allow":["GET"]}}],"collection":[{"href":"https:\/\/www.retroshopen.nu\/index.php\/wp-json\/wp\/v2\/product"}],"about":[{"href":"https:\/\/www.retroshopen.nu\/index.php\/wp-json\/wp\/v2\/types\/product"}],"wp:featuredmedia":[{"embeddable":true,"href":"https:\/\/www.retroshopen.nu\/index.php\/wp-json\/wp\/v2\/media\/6535"}],"wp:attachment":[{"href":"https:\/\/www.retroshopen.nu\/index.php\/wp-json\/wp\/v2\/media?parent=6534"}],"wp:term":[{"taxonomy":"product_brand","embeddable":true,"href":"https:\/\/www.retroshopen.nu\/index.php\/wp-json\/wp\/v2\/product_brand?post=6534"},{"taxonomy":"product_cat","embeddable":true,"href":"https:\/\/www.retroshopen.nu\/index.php\/wp-json\/wp\/v2\/product_cat?post=6534"},{"taxonomy":"product_tag","embeddable":true,"href":"https:\/\/www.retroshopen.nu\/index.php\/wp-json\/wp\/v2\/product_tag?post=6534"}],"curies":[{"name":"wp","href":"https:\/\/api.w.org\/{rel}","templated":true}]}}