{"id":5987,"date":"2022-04-10T11:11:22","date_gmt":"2022-04-10T09:11:22","guid":{"rendered":"https:\/\/www.retroshopen.nu\/?post_type=product&#038;p=5987"},"modified":"2022-04-10T11:11:22","modified_gmt":"2022-04-10T09:11:22","slug":"diner-koks-mobel-bel-air-bord-med-4-stolar","status":"publish","type":"product","link":"https:\/\/www.retroshopen.nu\/index.php\/produkt\/diner-koks-mobel-bel-air-bord-med-4-stolar\/","title":{"rendered":"Diner K\u00f6ks M\u00f6bel Bel Air Bord med 4 Stolar"},"content":{"rendered":"<p>Diner m\u00f6bel \u00a0Bord med 4 stolar i mycket bra skick som nya har haft dessa i v\u00e5rt caf\u00e9 se bilder mer info finns p\u00e5 jolina.com<\/p>\n<p>beg\u00e4r 9000 kr<\/p>\n<p>Storlek stolar<\/p>\n<p>H\u00f6jd: 86 cm, sitth\u00f6jd 48 cm<br \/>\nBredd: 48 cm, djup 62 cm<\/p>\n<p>Storlek Bord<\/p>\n<p>L\u00e4ngd 120 cm, bredd 76 cm, h\u00f6jd 75 cm<\/p>\n<p>Skickas ej m\u00e5ste h\u00e4mtas<\/p>\n<p>\u00f6vriga fr\u00e5gor ring eller maila<\/p>\n","protected":false},"excerpt":{"rendered":"<p>Diner m\u00f6bel \u00a0Bord med 4 stolar i mycket bra skick som nya har haft dessa i v\u00e5rt caf\u00e9 se bilder mer info finns p\u00e5 jolina.com beg\u00e4r 9000 kr Storlek stolar H\u00f6jd: 86 cm, sitth\u00f6jd 48 cm Bredd: 48 cm, djup 62 cm Storlek Bord L\u00e4ngd 120 cm, bredd 76 cm, h\u00f6jd 75 cm Skickas ej [&hellip;]<\/p>\n","protected":false},"featured_media":5989,"template":"","meta":[],"product_brand":[],"product_cat":[20],"product_tag":[],"class_list":{"0":"post-5987","1":"product","2":"type-product","3":"status-publish","4":"has-post-thumbnail","6":"product_cat-hem-hushall","8":"first","9":"instock","10":"taxable","11":"shipping-taxable","12":"purchasable","13":"product-type-simple"},"_links":{"self":[{"href":"https:\/\/www.retroshopen.nu\/index.php\/wp-json\/wp\/v2\/product\/5987","targetHints":{"allow":["GET"]}}],"collection":[{"href":"https:\/\/www.retroshopen.nu\/index.php\/wp-json\/wp\/v2\/product"}],"about":[{"href":"https:\/\/www.retroshopen.nu\/index.php\/wp-json\/wp\/v2\/types\/product"}],"wp:featuredmedia":[{"embeddable":true,"href":"https:\/\/www.retroshopen.nu\/index.php\/wp-json\/wp\/v2\/media\/5989"}],"wp:attachment":[{"href":"https:\/\/www.retroshopen.nu\/index.php\/wp-json\/wp\/v2\/media?parent=5987"}],"wp:term":[{"taxonomy":"product_brand","embeddable":true,"href":"https:\/\/www.retroshopen.nu\/index.php\/wp-json\/wp\/v2\/product_brand?post=5987"},{"taxonomy":"product_cat","embeddable":true,"href":"https:\/\/www.retroshopen.nu\/index.php\/wp-json\/wp\/v2\/product_cat?post=5987"},{"taxonomy":"product_tag","embeddable":true,"href":"https:\/\/www.retroshopen.nu\/index.php\/wp-json\/wp\/v2\/product_tag?post=5987"}],"curies":[{"name":"wp","href":"https:\/\/api.w.org\/{rel}","templated":true}]}}