{"id":5897,"date":"2022-01-27T14:59:49","date_gmt":"2022-01-27T13:59:49","guid":{"rendered":"https:\/\/www.retroshopen.nu\/?post_type=product&#038;p=5897"},"modified":"2025-04-26T21:59:04","modified_gmt":"2025-04-26T19:59:04","slug":"dvd-micke-muster-och-linda-gail-lewis-a-rockn-roll-night","status":"publish","type":"product","link":"https:\/\/www.retroshopen.nu\/index.php\/produkt\/dvd-micke-muster-och-linda-gail-lewis-a-rockn-roll-night\/","title":{"rendered":"DVD Micke Muster Och Linda Gail Lewis &#8211; A Rock&#8217;n Roll Night"},"content":{"rendered":"<p><strong>Artist:<\/strong>\u00a0Micke Muster Och Linda Gail Lewis<br \/>\n<strong>Album:<\/strong>\u00a0A Rock&#8217;n Roll Night<br \/>\n<strong>Skivbolag\/label:<\/strong>\u00a0SRDVD 001<br \/>\n<strong>Format:<\/strong>\u00a0DVD<br \/>\n<strong>Skick:<\/strong>\u00a0Ny,<\/p>\n<p>&nbsp;<\/p>\n<p>Ni som inte har denna DVD Med Micke &amp; Linda s\u00e5 \u00e4r det ett m\u00e5ste Kvalliten \u00e4r hel underbar inga amat\u00f6rer som har filmat detta Denna DVD \u00e4r till\u00e4gnad alla Micke Muster fans och rock&#8217;n roll diggare v\u00e4rlden \u00f6ver. Den h\u00e4r showen \u00e4r inspelad p\u00e5 resturang Garvaren N\u00f6je i Ljungby den 5:e Februari 2004, och \u00e4r en av dom b\u00e4sta shower som f\u00e5ngats p\u00e5 film vad det g\u00e4ller rock&#8217;n roll och country. Micke har p\u00e5 denna show med sig Linda Gail Lewis som g\u00e4st och n\u00e4r dom tillsammans p\u00e5 tv\u00e5 flyglar rockar loss i en radda rock hits, ja d\u00e5 \u00e4r dom ett oslagbart par ! S\u00e5 luta er tillbaka nu och vrid upp volymen, och njut av en rock&#8217;n roll kv\u00e4ll n\u00e4r den \u00e4r som allra b\u00e4st, Micke Muster Live !! Speltid 93 Min. PAL + NTSC. This DVD is dedicated to all MICKE MUSTER Fans and rock&#8217;n&#8217;roll fans all over the world. This show was taped and recorded at the resturant GARVAREN N\u00d6JE in the city of Ljungby south Sweden on February the 5:th and may very well be the best thing ever caught on film as far as rock&#8217;n&#8217;roll and country is concerned! On this show Micke Has LINDA GAIL LEWIS with him as Special guest and when they bring two piano on stage Micke and Linda gives a performance that will be very hard to follow! The Steinway pianos were delivered by JUHL-S\u00d6RENSEN A\/S Copenhagen Denmark. PAL-Version\/NTSC-Version Running Time 93 min<\/p>\n<p>Track Info: 1 &#8211; Rockin&#8217; piano man 2 &#8211; Rockin&#8217; laura lee 3 &#8211; High school confidential 4 &#8211; She even woke me up ( to say goodbye ) 5 &#8211; Me and bobby mc.gee 6 &#8211; I&#8217;m not jerry lee 7 &#8211; Good golly miss molly 8 &#8211; The boogie man 9 &#8211; Mean woman blues 10 &#8211; Who will buy the wine 11 &#8211; Don&#8217;t be cruel \/ hound dog 12 &#8211; Hey rosalie 13 &#8211; I believe i&#8217;m falling 14 &#8211; Roll over beethoven 15 &#8211; Together again 16 &#8211; Boppin the blues 17 &#8211; Cotton fields 18 &#8211; Let&#8217;s talk about us 19 &#8211; Blue suede shoes 20 &#8211; Telephone baby 21 &#8211; Breathless 22 &#8211; Long tall sally \/ tutti frutti \/ jenny jenny \/ good golly miss molly 23 &#8211; Old time rock&#8217;n roll 24 &#8211; Great balls of fire 25 &#8211; Whole lotta shakin&#8217; goin on 26 &#8211; Jambalaya \/ bonnie b 27 &#8211; Extended interview<\/p>\n<p>&nbsp;<\/p>\n","protected":false},"excerpt":{"rendered":"<p>Artist:\u00a0Micke Muster Och Linda Gail Lewis Album:\u00a0A Rock&#8217;n Roll Night Skivbolag\/label:\u00a0SRDVD 001 Format:\u00a0DVD Skick:\u00a0Ny, &nbsp; Ni som inte har denna DVD Med Micke &amp; Linda s\u00e5 \u00e4r det ett m\u00e5ste Kvalliten \u00e4r hel underbar inga amat\u00f6rer som har filmat detta Denna DVD \u00e4r till\u00e4gnad alla Micke Muster fans och rock&#8217;n roll diggare v\u00e4rlden \u00f6ver. Den [&hellip;]<\/p>\n","protected":false},"featured_media":5899,"template":"","meta":[],"product_brand":[],"product_cat":[57],"product_tag":[],"class_list":{"0":"post-5897","1":"product","2":"type-product","3":"status-publish","4":"has-post-thumbnail","6":"product_cat-dvd","8":"first","9":"instock","10":"taxable","11":"shipping-taxable","12":"purchasable","13":"product-type-simple"},"_links":{"self":[{"href":"https:\/\/www.retroshopen.nu\/index.php\/wp-json\/wp\/v2\/product\/5897","targetHints":{"allow":["GET"]}}],"collection":[{"href":"https:\/\/www.retroshopen.nu\/index.php\/wp-json\/wp\/v2\/product"}],"about":[{"href":"https:\/\/www.retroshopen.nu\/index.php\/wp-json\/wp\/v2\/types\/product"}],"wp:featuredmedia":[{"embeddable":true,"href":"https:\/\/www.retroshopen.nu\/index.php\/wp-json\/wp\/v2\/media\/5899"}],"wp:attachment":[{"href":"https:\/\/www.retroshopen.nu\/index.php\/wp-json\/wp\/v2\/media?parent=5897"}],"wp:term":[{"taxonomy":"product_brand","embeddable":true,"href":"https:\/\/www.retroshopen.nu\/index.php\/wp-json\/wp\/v2\/product_brand?post=5897"},{"taxonomy":"product_cat","embeddable":true,"href":"https:\/\/www.retroshopen.nu\/index.php\/wp-json\/wp\/v2\/product_cat?post=5897"},{"taxonomy":"product_tag","embeddable":true,"href":"https:\/\/www.retroshopen.nu\/index.php\/wp-json\/wp\/v2\/product_tag?post=5897"}],"curies":[{"name":"wp","href":"https:\/\/api.w.org\/{rel}","templated":true}]}}