{"id":5891,"date":"2022-01-25T18:10:10","date_gmt":"2022-01-25T17:10:10","guid":{"rendered":"https:\/\/www.retroshopen.nu\/?post_type=product&#038;p=5891"},"modified":"2023-02-05T12:47:48","modified_gmt":"2023-02-05T11:47:48","slug":"bok-raggare-rebellerna-som-skakade-sverige-av-sten-berglind","status":"publish","type":"product","link":"https:\/\/www.retroshopen.nu\/index.php\/produkt\/bok-raggare-rebellerna-som-skakade-sverige-av-sten-berglind\/","title":{"rendered":"Bok Raggare rebellerna som skakade Sverige ( av Sten Berglind )"},"content":{"rendered":"<p>Boken har varit ett skylt ex den \u00e4r knappt bl\u00e4ddrad i lite blek skadad p\u00e5 omslag vid ryggen p\u00e5 boken se bilder<\/p>\n","protected":false},"excerpt":{"rendered":"<p>Boken har varit ett skylt ex den \u00e4r knappt bl\u00e4ddrad i lite blek skadad p\u00e5 omslag vid ryggen p\u00e5 boken se bilder<\/p>\n","protected":false},"featured_media":5893,"template":"","meta":[],"product_brand":[],"product_cat":[26],"product_tag":[],"class_list":{"0":"post-5891","1":"product","2":"type-product","3":"status-publish","4":"has-post-thumbnail","6":"product_cat-bocker-tidningar","8":"first","9":"outofstock","10":"taxable","11":"shipping-taxable","12":"purchasable","13":"product-type-simple"},"_links":{"self":[{"href":"https:\/\/www.retroshopen.nu\/index.php\/wp-json\/wp\/v2\/product\/5891","targetHints":{"allow":["GET"]}}],"collection":[{"href":"https:\/\/www.retroshopen.nu\/index.php\/wp-json\/wp\/v2\/product"}],"about":[{"href":"https:\/\/www.retroshopen.nu\/index.php\/wp-json\/wp\/v2\/types\/product"}],"wp:featuredmedia":[{"embeddable":true,"href":"https:\/\/www.retroshopen.nu\/index.php\/wp-json\/wp\/v2\/media\/5893"}],"wp:attachment":[{"href":"https:\/\/www.retroshopen.nu\/index.php\/wp-json\/wp\/v2\/media?parent=5891"}],"wp:term":[{"taxonomy":"product_brand","embeddable":true,"href":"https:\/\/www.retroshopen.nu\/index.php\/wp-json\/wp\/v2\/product_brand?post=5891"},{"taxonomy":"product_cat","embeddable":true,"href":"https:\/\/www.retroshopen.nu\/index.php\/wp-json\/wp\/v2\/product_cat?post=5891"},{"taxonomy":"product_tag","embeddable":true,"href":"https:\/\/www.retroshopen.nu\/index.php\/wp-json\/wp\/v2\/product_tag?post=5891"}],"curies":[{"name":"wp","href":"https:\/\/api.w.org\/{rel}","templated":true}]}}