{"id":4413,"date":"2021-03-05T17:33:12","date_gmt":"2021-03-05T16:33:12","guid":{"rendered":"http:\/\/www.retroshopen.nu\/?post_type=product&#038;p=4413"},"modified":"2022-02-14T14:29:13","modified_gmt":"2022-02-14T13:29:13","slug":"pizza-grill-stal-med-kanter-och-burger-smasher","status":"publish","type":"product","link":"https:\/\/www.retroshopen.nu\/index.php\/produkt\/pizza-grill-stal-med-kanter-och-burger-smasher\/","title":{"rendered":"Pizza\/Grill-st\u00e5l med kanter och Burger Smasher"},"content":{"rendered":"<h1>Pizza\/Grill-st\u00e5l med kanter och Burger Smasher<\/h1>\n<p>F\u00f6r alla Pizza och Grillfantaster!<\/p>\n<p>B\u00e4ttre Pizza och Smashburgers f\u00e5r man leta efter s\u00e5 b\u00f6rja baka och grilla sj\u00e4lva med detta st\u00e5l. G\u00e5r \u00e4ven utm\u00e4rkt att steka k\u00f6tt, fisk och gr\u00f6nsaker.<\/p>\n<p>St\u00e5let kan \u00e4ven anv\u00e4ndas i vanlig ugn f\u00f6r br\u00f6d och pizza, d\u00e5 rekommenderas att placera st\u00e5let p\u00e5 ett galler h\u00f6gst upp eller n\u00e4st h\u00f6gst upp i ugnen. S\u00e4tt ugnen p\u00e5 h\u00f6gsta temperatur i grill-l\u00e4ge runt 300 grader, f\u00f6rv\u00e4rm st\u00e5let i 30 minuter innan bakning det blir riktigt varmt. Ett tips n\u00e4r ni bakar pizza, str\u00f6 en nypa salt p\u00e5 pl\u00e5ten f\u00f6r god s\u00e4lta.<\/p>\n<p>Det finns m\u00e5nga bra recept p\u00e5 n\u00e4tet men jag skickar med ett recept p\u00e5 Pizzadeg och vanligt br\u00f6d.<\/p>\n<p>1 st Pizza\/Grillst\u00e5l 360x360x30 mm vikt 6 kg 525 kr<br \/>\n1 st Burger Smasher Diameter 150 mm vikt 1 kg 175 kr<br \/>\n1 st Avlastningsgaller 380&#215;100 mm vikt 0,360 kg 70 kr<\/p>\n<p>Dessa 3 delar 690 kr.<\/p>\n<p>1 st extra grillst\u00e5l 450 kr.<br \/>\nKan \u00e4ven tillverka andra storlekar om s\u00e5 \u00f6nskas<\/p>\n<p>Rekommenderar varmt ett extra grillst\u00e5l, ett f\u00f6r ugnen och ett f\u00f6r grillen. Sj\u00e4lv har jag inte k\u00f6pt en pizza eller en hamburgare sedan jag b\u00f6rjade med att baka och grilla med detta grillst\u00e5let.<\/p>\n<p><strong>B\u00f6rja med att tv\u00e4tta av st\u00e5let och sm\u00f6rja in det med lite matolja<\/strong><\/p>\n<p><strong>T\u00e4nk p\u00e5 att allt st\u00e5l rostar om man inte sk\u00f6ter om st\u00e5let<\/strong><\/p>\n<p><strong>Om det anv\u00e4nds ute p\u00e5 grillen n\u00e4r det \u00e4r f\u00e4rdig grillat s\u00e5 reng\u00f6r och olja in med n\u00e5gra droppar matolja och l\u00e5t det inte st\u00e5 ute i regn och fukt<\/strong><\/p>\n<p><strong>Om ni anv\u00e4nder st\u00e5let f\u00f6r att baka Pizza och str\u00f6r p\u00e5 salt ta bort saltet n\u00e4r det \u00e4r klart och sm\u00f6rja in st\u00e5let med n\u00e5gra droppar matolja inte f\u00f6r mycket kan ryka en del<\/strong><\/p>\n<p><strong>Annars kan man grilla in det som kolst\u00e5l se <\/strong><b>YouTube<\/b><\/p>\n","protected":false},"excerpt":{"rendered":"<p>Pizza\/Grill-st\u00e5l med kanter och Burger Smasher F\u00f6r alla Pizza och Grillfantaster! B\u00e4ttre Pizza och Smashburgers f\u00e5r man leta efter s\u00e5 b\u00f6rja baka och grilla sj\u00e4lva med detta st\u00e5l. G\u00e5r \u00e4ven utm\u00e4rkt att steka k\u00f6tt, fisk och gr\u00f6nsaker. St\u00e5let kan \u00e4ven anv\u00e4ndas i vanlig ugn f\u00f6r br\u00f6d och pizza, d\u00e5 rekommenderas att placera st\u00e5let p\u00e5 ett [&hellip;]<\/p>\n","protected":false},"featured_media":4403,"template":"","meta":[],"product_brand":[],"product_cat":[20],"product_tag":[],"class_list":{"0":"post-4413","1":"product","2":"type-product","3":"status-publish","4":"has-post-thumbnail","6":"product_cat-hem-hushall","8":"first","9":"outofstock","10":"sale","11":"taxable","12":"shipping-taxable","13":"purchasable","14":"product-type-simple"},"_links":{"self":[{"href":"https:\/\/www.retroshopen.nu\/index.php\/wp-json\/wp\/v2\/product\/4413","targetHints":{"allow":["GET"]}}],"collection":[{"href":"https:\/\/www.retroshopen.nu\/index.php\/wp-json\/wp\/v2\/product"}],"about":[{"href":"https:\/\/www.retroshopen.nu\/index.php\/wp-json\/wp\/v2\/types\/product"}],"wp:featuredmedia":[{"embeddable":true,"href":"https:\/\/www.retroshopen.nu\/index.php\/wp-json\/wp\/v2\/media\/4403"}],"wp:attachment":[{"href":"https:\/\/www.retroshopen.nu\/index.php\/wp-json\/wp\/v2\/media?parent=4413"}],"wp:term":[{"taxonomy":"product_brand","embeddable":true,"href":"https:\/\/www.retroshopen.nu\/index.php\/wp-json\/wp\/v2\/product_brand?post=4413"},{"taxonomy":"product_cat","embeddable":true,"href":"https:\/\/www.retroshopen.nu\/index.php\/wp-json\/wp\/v2\/product_cat?post=4413"},{"taxonomy":"product_tag","embeddable":true,"href":"https:\/\/www.retroshopen.nu\/index.php\/wp-json\/wp\/v2\/product_tag?post=4413"}],"curies":[{"name":"wp","href":"https:\/\/api.w.org\/{rel}","templated":true}]}}