{"id":4153,"date":"2021-01-26T16:57:53","date_gmt":"2021-01-26T15:57:53","guid":{"rendered":"http:\/\/www.retroshopen.nu\/?post_type=product&#038;p=4153"},"modified":"2025-11-22T14:24:10","modified_gmt":"2025-11-22T13:24:10","slug":"bok-filmbilar-fran-smultronstallet-till-vagens-djavlar","status":"publish","type":"product","link":"https:\/\/www.retroshopen.nu\/index.php\/produkt\/bok-filmbilar-fran-smultronstallet-till-vagens-djavlar\/","title":{"rendered":"Bok Filmbilar &#8211; fr\u00e5n Smultronst\u00e4llet till V\u00e4gens dj\u00e4vlar"},"content":{"rendered":"<p><strong>Format:<\/strong>\u00c2\u00a0Bok A4 antal sidor 159 sidor Text Svenska<\/p>\n","protected":false},"excerpt":{"rendered":"<p>Format:\u00c2\u00a0Bok A4 antal sidor 159 sidor Text Svenska<\/p>\n","protected":false},"featured_media":4154,"template":"","meta":[],"product_brand":[],"product_cat":[26],"product_tag":[],"class_list":{"0":"post-4153","1":"product","2":"type-product","3":"status-publish","4":"has-post-thumbnail","6":"product_cat-bocker-tidningar","8":"first","9":"instock","10":"taxable","11":"shipping-taxable","12":"purchasable","13":"product-type-simple"},"_links":{"self":[{"href":"https:\/\/www.retroshopen.nu\/index.php\/wp-json\/wp\/v2\/product\/4153","targetHints":{"allow":["GET"]}}],"collection":[{"href":"https:\/\/www.retroshopen.nu\/index.php\/wp-json\/wp\/v2\/product"}],"about":[{"href":"https:\/\/www.retroshopen.nu\/index.php\/wp-json\/wp\/v2\/types\/product"}],"wp:featuredmedia":[{"embeddable":true,"href":"https:\/\/www.retroshopen.nu\/index.php\/wp-json\/wp\/v2\/media\/4154"}],"wp:attachment":[{"href":"https:\/\/www.retroshopen.nu\/index.php\/wp-json\/wp\/v2\/media?parent=4153"}],"wp:term":[{"taxonomy":"product_brand","embeddable":true,"href":"https:\/\/www.retroshopen.nu\/index.php\/wp-json\/wp\/v2\/product_brand?post=4153"},{"taxonomy":"product_cat","embeddable":true,"href":"https:\/\/www.retroshopen.nu\/index.php\/wp-json\/wp\/v2\/product_cat?post=4153"},{"taxonomy":"product_tag","embeddable":true,"href":"https:\/\/www.retroshopen.nu\/index.php\/wp-json\/wp\/v2\/product_tag?post=4153"}],"curies":[{"name":"wp","href":"https:\/\/api.w.org\/{rel}","templated":true}]}}