{"id":4113,"date":"2021-01-17T17:16:40","date_gmt":"2021-01-17T16:16:40","guid":{"rendered":"http:\/\/www.retroshopen.nu\/?post_type=product&#038;p=4113"},"modified":"2025-09-25T10:02:07","modified_gmt":"2025-09-25T08:02:07","slug":"corvette-platskylt-61x13-cm","status":"publish","type":"product","link":"https:\/\/www.retroshopen.nu\/index.php\/produkt\/corvette-platskylt-61x13-cm\/","title":{"rendered":"Corvette Pl\u00e5tskylt (61&#215;13 cm)"},"content":{"rendered":"<p>Pl\u00e5tskylt ca 61 x 13 cm med pr\u00e4glad yta<\/p>\n","protected":false},"excerpt":{"rendered":"<p>Pl\u00e5tskylt ca 61 x 13 cm med pr\u00e4glad yta<\/p>\n","protected":false},"featured_media":4114,"template":"","meta":[],"product_brand":[],"product_cat":[66,54],"product_tag":[],"class_list":{"0":"post-4113","1":"product","2":"type-product","3":"status-publish","4":"has-post-thumbnail","6":"product_cat-metallskylt-avlang","7":"product_cat-metallskyltar-2","9":"first","10":"outofstock","11":"taxable","12":"shipping-taxable","13":"purchasable","14":"product-type-simple"},"_links":{"self":[{"href":"https:\/\/www.retroshopen.nu\/index.php\/wp-json\/wp\/v2\/product\/4113","targetHints":{"allow":["GET"]}}],"collection":[{"href":"https:\/\/www.retroshopen.nu\/index.php\/wp-json\/wp\/v2\/product"}],"about":[{"href":"https:\/\/www.retroshopen.nu\/index.php\/wp-json\/wp\/v2\/types\/product"}],"wp:featuredmedia":[{"embeddable":true,"href":"https:\/\/www.retroshopen.nu\/index.php\/wp-json\/wp\/v2\/media\/4114"}],"wp:attachment":[{"href":"https:\/\/www.retroshopen.nu\/index.php\/wp-json\/wp\/v2\/media?parent=4113"}],"wp:term":[{"taxonomy":"product_brand","embeddable":true,"href":"https:\/\/www.retroshopen.nu\/index.php\/wp-json\/wp\/v2\/product_brand?post=4113"},{"taxonomy":"product_cat","embeddable":true,"href":"https:\/\/www.retroshopen.nu\/index.php\/wp-json\/wp\/v2\/product_cat?post=4113"},{"taxonomy":"product_tag","embeddable":true,"href":"https:\/\/www.retroshopen.nu\/index.php\/wp-json\/wp\/v2\/product_tag?post=4113"}],"curies":[{"name":"wp","href":"https:\/\/api.w.org\/{rel}","templated":true}]}}