{"id":4111,"date":"2021-01-17T17:12:50","date_gmt":"2021-01-17T16:12:50","guid":{"rendered":"http:\/\/www.retroshopen.nu\/?post_type=product&#038;p=4111"},"modified":"2023-04-04T10:20:15","modified_gmt":"2023-04-04T08:20:15","slug":"chevrolet-platskylt-61x13-cm-3","status":"publish","type":"product","link":"https:\/\/www.retroshopen.nu\/index.php\/produkt\/chevrolet-platskylt-61x13-cm-3\/","title":{"rendered":"Chevrolet Pl\u00e5tskylt (61&#215;13 cm)"},"content":{"rendered":"<p>Pl\u00e5tskylt ca 61 x 13 cm med pr\u00e4glad yta<\/p>\n","protected":false},"excerpt":{"rendered":"<p>Pl\u00e5tskylt ca 61 x 13 cm med pr\u00e4glad yta<\/p>\n","protected":false},"featured_media":4112,"template":"","meta":[],"product_brand":[],"product_cat":[66,54],"product_tag":[],"class_list":{"0":"post-4111","1":"product","2":"type-product","3":"status-publish","4":"has-post-thumbnail","6":"product_cat-metallskylt-avlang","7":"product_cat-metallskyltar-2","9":"first","10":"outofstock","11":"taxable","12":"shipping-taxable","13":"purchasable","14":"product-type-simple"},"_links":{"self":[{"href":"https:\/\/www.retroshopen.nu\/index.php\/wp-json\/wp\/v2\/product\/4111","targetHints":{"allow":["GET"]}}],"collection":[{"href":"https:\/\/www.retroshopen.nu\/index.php\/wp-json\/wp\/v2\/product"}],"about":[{"href":"https:\/\/www.retroshopen.nu\/index.php\/wp-json\/wp\/v2\/types\/product"}],"wp:featuredmedia":[{"embeddable":true,"href":"https:\/\/www.retroshopen.nu\/index.php\/wp-json\/wp\/v2\/media\/4112"}],"wp:attachment":[{"href":"https:\/\/www.retroshopen.nu\/index.php\/wp-json\/wp\/v2\/media?parent=4111"}],"wp:term":[{"taxonomy":"product_brand","embeddable":true,"href":"https:\/\/www.retroshopen.nu\/index.php\/wp-json\/wp\/v2\/product_brand?post=4111"},{"taxonomy":"product_cat","embeddable":true,"href":"https:\/\/www.retroshopen.nu\/index.php\/wp-json\/wp\/v2\/product_cat?post=4111"},{"taxonomy":"product_tag","embeddable":true,"href":"https:\/\/www.retroshopen.nu\/index.php\/wp-json\/wp\/v2\/product_tag?post=4111"}],"curies":[{"name":"wp","href":"https:\/\/api.w.org\/{rel}","templated":true}]}}