{"id":3205,"date":"2020-12-19T15:44:18","date_gmt":"2020-12-19T14:44:18","guid":{"rendered":"http:\/\/www.retroshopen.nu\/?post_type=product&#038;p=3205"},"modified":"2023-04-04T11:07:56","modified_gmt":"2023-04-04T09:07:56","slug":"harley-davidson-33x38-cm-2","status":"publish","type":"product","link":"https:\/\/www.retroshopen.nu\/index.php\/produkt\/harley-davidson-33x38-cm-2\/","title":{"rendered":"Harley Davidson (33&#215;38 cm)"},"content":{"rendered":"<p>Snygg pr\u00e4glad pl\u00e5tskylt med snygga klara f\u00e4rger<\/p>\n<p>storlek 33x38cm<\/p>\n","protected":false},"excerpt":{"rendered":"<p>Snygg pr\u00e4glad pl\u00e5tskylt med snygga klara f\u00e4rger storlek 33x38cm<\/p>\n","protected":false},"featured_media":3207,"template":"","meta":[],"product_brand":[],"product_cat":[63,54],"product_tag":[],"class_list":{"0":"post-3205","1":"product","2":"type-product","3":"status-publish","4":"has-post-thumbnail","6":"product_cat-metallskylt-30x40-cm-och-storre","7":"product_cat-metallskyltar-2","9":"first","10":"outofstock","11":"taxable","12":"shipping-taxable","13":"purchasable","14":"product-type-simple"},"_links":{"self":[{"href":"https:\/\/www.retroshopen.nu\/index.php\/wp-json\/wp\/v2\/product\/3205","targetHints":{"allow":["GET"]}}],"collection":[{"href":"https:\/\/www.retroshopen.nu\/index.php\/wp-json\/wp\/v2\/product"}],"about":[{"href":"https:\/\/www.retroshopen.nu\/index.php\/wp-json\/wp\/v2\/types\/product"}],"wp:featuredmedia":[{"embeddable":true,"href":"https:\/\/www.retroshopen.nu\/index.php\/wp-json\/wp\/v2\/media\/3207"}],"wp:attachment":[{"href":"https:\/\/www.retroshopen.nu\/index.php\/wp-json\/wp\/v2\/media?parent=3205"}],"wp:term":[{"taxonomy":"product_brand","embeddable":true,"href":"https:\/\/www.retroshopen.nu\/index.php\/wp-json\/wp\/v2\/product_brand?post=3205"},{"taxonomy":"product_cat","embeddable":true,"href":"https:\/\/www.retroshopen.nu\/index.php\/wp-json\/wp\/v2\/product_cat?post=3205"},{"taxonomy":"product_tag","embeddable":true,"href":"https:\/\/www.retroshopen.nu\/index.php\/wp-json\/wp\/v2\/product_tag?post=3205"}],"curies":[{"name":"wp","href":"https:\/\/api.w.org\/{rel}","templated":true}]}}