{"id":316,"date":"2016-11-21T11:29:44","date_gmt":"2016-11-21T10:29:44","guid":{"rendered":"http:\/\/www.retroshopen.nu\/?post_type=product&#038;p=316"},"modified":"2026-03-23T15:00:45","modified_gmt":"2026-03-23T14:00:45","slug":"platskylt-kapsyl-coca-cola-refreshing-svart","status":"publish","type":"product","link":"https:\/\/www.retroshopen.nu\/index.php\/produkt\/platskylt-kapsyl-coca-cola-refreshing-svart\/","title":{"rendered":"Pl\u00e5tskylt Kapsyl Coca Cola Refreshing Svart"},"content":{"rendered":"<p>Pl\u00e5tskylt Kapsyl Coca\u00c2\u00a0Cola Refreshing Svart<\/p>\n<p>Diameter 40 cm Pr\u00e4glad yta Metall<\/p>\n","protected":false},"excerpt":{"rendered":"<p>Pl\u00e5tskylt Kapsyl Coca\u00c2\u00a0Cola Refreshing Svart Diameter 40 cm Pr\u00e4glad yta Metall<\/p>\n","protected":false},"featured_media":268,"template":"","meta":[],"product_brand":[],"product_cat":[10],"product_tag":[],"class_list":{"0":"post-316","1":"product","2":"type-product","3":"status-publish","4":"has-post-thumbnail","6":"product_cat-metallskylt-kapsyl","8":"first","9":"instock","10":"taxable","11":"shipping-taxable","12":"purchasable","13":"product-type-simple"},"_links":{"self":[{"href":"https:\/\/www.retroshopen.nu\/index.php\/wp-json\/wp\/v2\/product\/316","targetHints":{"allow":["GET"]}}],"collection":[{"href":"https:\/\/www.retroshopen.nu\/index.php\/wp-json\/wp\/v2\/product"}],"about":[{"href":"https:\/\/www.retroshopen.nu\/index.php\/wp-json\/wp\/v2\/types\/product"}],"wp:featuredmedia":[{"embeddable":true,"href":"https:\/\/www.retroshopen.nu\/index.php\/wp-json\/wp\/v2\/media\/268"}],"wp:attachment":[{"href":"https:\/\/www.retroshopen.nu\/index.php\/wp-json\/wp\/v2\/media?parent=316"}],"wp:term":[{"taxonomy":"product_brand","embeddable":true,"href":"https:\/\/www.retroshopen.nu\/index.php\/wp-json\/wp\/v2\/product_brand?post=316"},{"taxonomy":"product_cat","embeddable":true,"href":"https:\/\/www.retroshopen.nu\/index.php\/wp-json\/wp\/v2\/product_cat?post=316"},{"taxonomy":"product_tag","embeddable":true,"href":"https:\/\/www.retroshopen.nu\/index.php\/wp-json\/wp\/v2\/product_tag?post=316"}],"curies":[{"name":"wp","href":"https:\/\/api.w.org\/{rel}","templated":true}]}}