{"id":3150,"date":"2020-12-17T17:12:09","date_gmt":"2020-12-17T16:12:09","guid":{"rendered":"http:\/\/www.retroshopen.nu\/?post_type=product&#038;p=3150"},"modified":"2025-09-25T09:58:27","modified_gmt":"2025-09-25T07:58:27","slug":"harley-davidson-reserved-parking-30x46-cm","status":"publish","type":"product","link":"https:\/\/www.retroshopen.nu\/index.php\/produkt\/harley-davidson-reserved-parking-30x46-cm\/","title":{"rendered":"Harley-Davidson Reserved Parking (30&#215;46 cm)"},"content":{"rendered":"<p>Snygg pr\u00e4glad pl\u00e5tskylt med snygga klara f\u00e4rger<\/p>\n<p>storlek 30x46cm<\/p>\n","protected":false},"excerpt":{"rendered":"<p>Snygg pr\u00e4glad pl\u00e5tskylt med snygga klara f\u00e4rger storlek 30x46cm<\/p>\n","protected":false},"featured_media":3151,"template":"","meta":[],"product_brand":[],"product_cat":[63,54],"product_tag":[],"class_list":{"0":"post-3150","1":"product","2":"type-product","3":"status-publish","4":"has-post-thumbnail","6":"product_cat-metallskylt-30x40-cm-och-storre","7":"product_cat-metallskyltar-2","9":"first","10":"outofstock","11":"taxable","12":"shipping-taxable","13":"purchasable","14":"product-type-simple"},"_links":{"self":[{"href":"https:\/\/www.retroshopen.nu\/index.php\/wp-json\/wp\/v2\/product\/3150","targetHints":{"allow":["GET"]}}],"collection":[{"href":"https:\/\/www.retroshopen.nu\/index.php\/wp-json\/wp\/v2\/product"}],"about":[{"href":"https:\/\/www.retroshopen.nu\/index.php\/wp-json\/wp\/v2\/types\/product"}],"wp:featuredmedia":[{"embeddable":true,"href":"https:\/\/www.retroshopen.nu\/index.php\/wp-json\/wp\/v2\/media\/3151"}],"wp:attachment":[{"href":"https:\/\/www.retroshopen.nu\/index.php\/wp-json\/wp\/v2\/media?parent=3150"}],"wp:term":[{"taxonomy":"product_brand","embeddable":true,"href":"https:\/\/www.retroshopen.nu\/index.php\/wp-json\/wp\/v2\/product_brand?post=3150"},{"taxonomy":"product_cat","embeddable":true,"href":"https:\/\/www.retroshopen.nu\/index.php\/wp-json\/wp\/v2\/product_cat?post=3150"},{"taxonomy":"product_tag","embeddable":true,"href":"https:\/\/www.retroshopen.nu\/index.php\/wp-json\/wp\/v2\/product_tag?post=3150"}],"curies":[{"name":"wp","href":"https:\/\/api.w.org\/{rel}","templated":true}]}}