{"id":2897,"date":"2020-12-11T10:14:09","date_gmt":"2020-12-11T09:14:09","guid":{"rendered":"http:\/\/www.retroshopen.nu\/?post_type=product&#038;p=2897"},"modified":"2023-07-10T07:46:05","modified_gmt":"2023-07-10T05:46:05","slug":"ford","status":"publish","type":"product","link":"https:\/\/www.retroshopen.nu\/index.php\/produkt\/ford\/","title":{"rendered":"Ford Genuine Part (2 sidig 44 x 34 cm)"},"content":{"rendered":"<p>Metallskylt 2 sidig v\u00e4ggh\u00e4ngd med sl\u00e4t yta<\/p>\n","protected":false},"excerpt":{"rendered":"<p>Metallskylt 2 sidig v\u00e4ggh\u00e4ngd med sl\u00e4t yta<\/p>\n","protected":false},"featured_media":2900,"template":"","meta":[],"product_brand":[],"product_cat":[54,22],"product_tag":[],"class_list":{"0":"post-2897","1":"product","2":"type-product","3":"status-publish","4":"has-post-thumbnail","6":"product_cat-metallskyltar-2","7":"product_cat-metallskylt-skuren","9":"first","10":"outofstock","11":"taxable","12":"shipping-taxable","13":"purchasable","14":"product-type-simple"},"_links":{"self":[{"href":"https:\/\/www.retroshopen.nu\/index.php\/wp-json\/wp\/v2\/product\/2897","targetHints":{"allow":["GET"]}}],"collection":[{"href":"https:\/\/www.retroshopen.nu\/index.php\/wp-json\/wp\/v2\/product"}],"about":[{"href":"https:\/\/www.retroshopen.nu\/index.php\/wp-json\/wp\/v2\/types\/product"}],"wp:featuredmedia":[{"embeddable":true,"href":"https:\/\/www.retroshopen.nu\/index.php\/wp-json\/wp\/v2\/media\/2900"}],"wp:attachment":[{"href":"https:\/\/www.retroshopen.nu\/index.php\/wp-json\/wp\/v2\/media?parent=2897"}],"wp:term":[{"taxonomy":"product_brand","embeddable":true,"href":"https:\/\/www.retroshopen.nu\/index.php\/wp-json\/wp\/v2\/product_brand?post=2897"},{"taxonomy":"product_cat","embeddable":true,"href":"https:\/\/www.retroshopen.nu\/index.php\/wp-json\/wp\/v2\/product_cat?post=2897"},{"taxonomy":"product_tag","embeddable":true,"href":"https:\/\/www.retroshopen.nu\/index.php\/wp-json\/wp\/v2\/product_tag?post=2897"}],"curies":[{"name":"wp","href":"https:\/\/api.w.org\/{rel}","templated":true}]}}