{"id":242,"date":"2016-11-20T19:21:31","date_gmt":"2016-11-20T18:21:31","guid":{"rendered":"http:\/\/www.retroshopen.nu\/?post_type=product&#038;p=242"},"modified":"2023-07-16T11:35:46","modified_gmt":"2023-07-16T09:35:46","slug":"flaskoppnare-coca-cola-bordsmodell","status":"publish","type":"product","link":"https:\/\/www.retroshopen.nu\/index.php\/produkt\/flaskoppnare-coca-cola-bordsmodell\/","title":{"rendered":"Flask\u00f6ppnare Coca Cola Bordsmodell"},"content":{"rendered":"<p>Coca Cola Flask\u00f6ppnare Bordsmodell crome H\u00f6jd 9,5cm Bredd 4cm Metall<\/p>\n","protected":false},"excerpt":{"rendered":"<p>Coca Cola Flask\u00f6ppnare Bordsmodell crome H\u00f6jd 9,5cm Bredd 4cm Metall<\/p>\n","protected":false},"featured_media":229,"template":"","meta":[],"product_brand":[],"product_cat":[20],"product_tag":[],"class_list":{"0":"post-242","1":"product","2":"type-product","3":"status-publish","4":"has-post-thumbnail","6":"product_cat-hem-hushall","8":"first","9":"instock","10":"taxable","11":"shipping-taxable","12":"purchasable","13":"product-type-simple"},"_links":{"self":[{"href":"https:\/\/www.retroshopen.nu\/index.php\/wp-json\/wp\/v2\/product\/242","targetHints":{"allow":["GET"]}}],"collection":[{"href":"https:\/\/www.retroshopen.nu\/index.php\/wp-json\/wp\/v2\/product"}],"about":[{"href":"https:\/\/www.retroshopen.nu\/index.php\/wp-json\/wp\/v2\/types\/product"}],"wp:featuredmedia":[{"embeddable":true,"href":"https:\/\/www.retroshopen.nu\/index.php\/wp-json\/wp\/v2\/media\/229"}],"wp:attachment":[{"href":"https:\/\/www.retroshopen.nu\/index.php\/wp-json\/wp\/v2\/media?parent=242"}],"wp:term":[{"taxonomy":"product_brand","embeddable":true,"href":"https:\/\/www.retroshopen.nu\/index.php\/wp-json\/wp\/v2\/product_brand?post=242"},{"taxonomy":"product_cat","embeddable":true,"href":"https:\/\/www.retroshopen.nu\/index.php\/wp-json\/wp\/v2\/product_cat?post=242"},{"taxonomy":"product_tag","embeddable":true,"href":"https:\/\/www.retroshopen.nu\/index.php\/wp-json\/wp\/v2\/product_tag?post=242"}],"curies":[{"name":"wp","href":"https:\/\/api.w.org\/{rel}","templated":true}]}}