{"id":241,"date":"2016-11-19T22:43:21","date_gmt":"2016-11-19T21:43:21","guid":{"rendered":"http:\/\/www.retroshopen.nu\/?post_type=product&#038;p=241"},"modified":"2024-05-23T17:41:38","modified_gmt":"2024-05-23T15:41:38","slug":"flaskoppnare-coca-cola","status":"publish","type":"product","link":"https:\/\/www.retroshopen.nu\/index.php\/produkt\/flaskoppnare-coca-cola\/","title":{"rendered":"Flask\u00f6ppnare Coca Cola"},"content":{"rendered":"<p>Coca Cola Flask\u00f6ppnare crome H\u00f6jd 14cm Bredd 4cm Djup 12mm Metall<\/p>\n","protected":false},"excerpt":{"rendered":"<p>Coca Cola Flask\u00f6ppnare crome H\u00f6jd 14cm Bredd 4cm Djup 12mm Metall<\/p>\n","protected":false},"featured_media":236,"template":"","meta":[],"product_brand":[],"product_cat":[20],"product_tag":[],"class_list":{"0":"post-241","1":"product","2":"type-product","3":"status-publish","4":"has-post-thumbnail","6":"product_cat-hem-hushall","8":"first","9":"instock","10":"taxable","11":"shipping-taxable","12":"purchasable","13":"product-type-simple"},"_links":{"self":[{"href":"https:\/\/www.retroshopen.nu\/index.php\/wp-json\/wp\/v2\/product\/241","targetHints":{"allow":["GET"]}}],"collection":[{"href":"https:\/\/www.retroshopen.nu\/index.php\/wp-json\/wp\/v2\/product"}],"about":[{"href":"https:\/\/www.retroshopen.nu\/index.php\/wp-json\/wp\/v2\/types\/product"}],"wp:featuredmedia":[{"embeddable":true,"href":"https:\/\/www.retroshopen.nu\/index.php\/wp-json\/wp\/v2\/media\/236"}],"wp:attachment":[{"href":"https:\/\/www.retroshopen.nu\/index.php\/wp-json\/wp\/v2\/media?parent=241"}],"wp:term":[{"taxonomy":"product_brand","embeddable":true,"href":"https:\/\/www.retroshopen.nu\/index.php\/wp-json\/wp\/v2\/product_brand?post=241"},{"taxonomy":"product_cat","embeddable":true,"href":"https:\/\/www.retroshopen.nu\/index.php\/wp-json\/wp\/v2\/product_cat?post=241"},{"taxonomy":"product_tag","embeddable":true,"href":"https:\/\/www.retroshopen.nu\/index.php\/wp-json\/wp\/v2\/product_tag?post=241"}],"curies":[{"name":"wp","href":"https:\/\/api.w.org\/{rel}","templated":true}]}}