{"id":1826,"date":"2020-05-24T10:42:30","date_gmt":"2020-05-24T08:42:30","guid":{"rendered":"http:\/\/www.retroshopen.nu\/?post_type=product&#038;p=1826"},"modified":"2023-08-08T09:26:37","modified_gmt":"2023-08-08T07:26:37","slug":"lp-emballage-170-st","status":"publish","type":"product","link":"https:\/\/www.retroshopen.nu\/index.php\/produkt\/lp-emballage-170-st\/","title":{"rendered":"170 st LP Emballage"},"content":{"rendered":"<p>Emballage Wellpapp Kartong passar f\u00f6r Vinyl LP 1-6 st ej framtagen f\u00f6r lp det \u00e4r en standard kartong med m\u00e5tt 33x33x3,5 cm funkar perfekt att skicka lp g\u00e5r \u00e4ven att linda in lp&#8217;na med bubbelplast eller tidningspapper som skyddar extra<\/p>\n<p>storlek 33x33x3,5 cm f\u00e4rg brun<\/p>\n<p>Lite tips p\u00e5 hur jag packar mina LP<br \/>\npacka 1-3 Lp skrynkla ihop 2 st tidningspapper i botten och sen lp och ett ihop skrynklat papper \u00f6verst mycket bra d\u00e4mpande skaka alltid kartongen s\u00e5 att man h\u00f6r att skivorna inte r\u00f6r sig<br \/>\nhar aldrig haft ett klagom\u00e5l p\u00e5 st\u00f6tta h\u00f6rn<br \/>\nSe bilder<\/p>\n","protected":false},"excerpt":{"rendered":"<p>Emballage Wellpapp Kartong passar f\u00f6r Vinyl LP 1-6 st ej framtagen f\u00f6r lp det \u00e4r en standard kartong med m\u00e5tt 33x33x3,5 cm funkar perfekt att skicka lp g\u00e5r \u00e4ven att linda in lp&#8217;na med bubbelplast eller tidningspapper som skyddar extra storlek 33x33x3,5 cm f\u00e4rg brun Lite tips p\u00e5 hur jag packar mina LP packa 1-3 [&hellip;]<\/p>\n","protected":false},"featured_media":1823,"template":"","meta":[],"product_brand":[],"product_cat":[46],"product_tag":[],"class_list":{"0":"post-1826","1":"product","2":"type-product","3":"status-publish","4":"has-post-thumbnail","6":"product_cat-emballage","8":"first","9":"outofstock","10":"taxable","11":"shipping-taxable","12":"purchasable","13":"product-type-simple"},"_links":{"self":[{"href":"https:\/\/www.retroshopen.nu\/index.php\/wp-json\/wp\/v2\/product\/1826","targetHints":{"allow":["GET"]}}],"collection":[{"href":"https:\/\/www.retroshopen.nu\/index.php\/wp-json\/wp\/v2\/product"}],"about":[{"href":"https:\/\/www.retroshopen.nu\/index.php\/wp-json\/wp\/v2\/types\/product"}],"wp:featuredmedia":[{"embeddable":true,"href":"https:\/\/www.retroshopen.nu\/index.php\/wp-json\/wp\/v2\/media\/1823"}],"wp:attachment":[{"href":"https:\/\/www.retroshopen.nu\/index.php\/wp-json\/wp\/v2\/media?parent=1826"}],"wp:term":[{"taxonomy":"product_brand","embeddable":true,"href":"https:\/\/www.retroshopen.nu\/index.php\/wp-json\/wp\/v2\/product_brand?post=1826"},{"taxonomy":"product_cat","embeddable":true,"href":"https:\/\/www.retroshopen.nu\/index.php\/wp-json\/wp\/v2\/product_cat?post=1826"},{"taxonomy":"product_tag","embeddable":true,"href":"https:\/\/www.retroshopen.nu\/index.php\/wp-json\/wp\/v2\/product_tag?post=1826"}],"curies":[{"name":"wp","href":"https:\/\/api.w.org\/{rel}","templated":true}]}}