{"id":1261,"date":"2018-11-11T14:28:40","date_gmt":"2018-11-11T13:28:40","guid":{"rendered":"http:\/\/www.retroshopen.nu\/?post_type=product&#038;p=1261"},"modified":"2024-06-07T10:10:50","modified_gmt":"2024-06-07T08:10:50","slug":"burk-krossare-med-kapsyloppnare","status":"publish","type":"product","link":"https:\/\/www.retroshopen.nu\/index.php\/produkt\/burk-krossare-med-kapsyloppnare\/","title":{"rendered":"Burk krossare med kapsyl\u00f6ppnare"},"content":{"rendered":"","protected":false},"excerpt":{"rendered":"<p>Burk krossare med kapsyl\u00f6ppnare, fungerar f\u00f6r 33 cl burkar. Skruvas l\u00e4mpligen upp p\u00e5 v\u00e4gg skruvar ing\u00e5r<\/p>\n","protected":false},"featured_media":1262,"template":"","meta":[],"product_brand":[],"product_cat":[20],"product_tag":[],"class_list":{"0":"post-1261","1":"product","2":"type-product","3":"status-publish","4":"has-post-thumbnail","6":"product_cat-hem-hushall","8":"first","9":"instock","10":"taxable","11":"shipping-taxable","12":"purchasable","13":"product-type-simple"},"_links":{"self":[{"href":"https:\/\/www.retroshopen.nu\/index.php\/wp-json\/wp\/v2\/product\/1261","targetHints":{"allow":["GET"]}}],"collection":[{"href":"https:\/\/www.retroshopen.nu\/index.php\/wp-json\/wp\/v2\/product"}],"about":[{"href":"https:\/\/www.retroshopen.nu\/index.php\/wp-json\/wp\/v2\/types\/product"}],"wp:featuredmedia":[{"embeddable":true,"href":"https:\/\/www.retroshopen.nu\/index.php\/wp-json\/wp\/v2\/media\/1262"}],"wp:attachment":[{"href":"https:\/\/www.retroshopen.nu\/index.php\/wp-json\/wp\/v2\/media?parent=1261"}],"wp:term":[{"taxonomy":"product_brand","embeddable":true,"href":"https:\/\/www.retroshopen.nu\/index.php\/wp-json\/wp\/v2\/product_brand?post=1261"},{"taxonomy":"product_cat","embeddable":true,"href":"https:\/\/www.retroshopen.nu\/index.php\/wp-json\/wp\/v2\/product_cat?post=1261"},{"taxonomy":"product_tag","embeddable":true,"href":"https:\/\/www.retroshopen.nu\/index.php\/wp-json\/wp\/v2\/product_tag?post=1261"}],"curies":[{"name":"wp","href":"https:\/\/api.w.org\/{rel}","templated":true}]}}