{"id":88,"date":"2016-11-10T20:56:38","date_gmt":"2016-11-10T19:56:38","guid":{"rendered":"http:\/\/www.retroshopen.nu\/?page_id=88"},"modified":"2024-06-28T10:02:30","modified_gmt":"2024-06-28T08:02:30","slug":"villkor","status":"publish","type":"page","link":"https:\/\/www.retroshopen.nu\/index.php\/villkor\/","title":{"rendered":"Villkor"},"content":{"rendered":"<p><strong>Information<br \/>\n<\/strong>Retroshopen drivs av Old Rock Records, som finns bel\u00e4get i Tibro.<\/p>\n<p>F\u00f6r att komma i kontakt med oss, anv\u00e4nd <a href=\"https:\/\/www.retroshopen.nu\/index.php\/kontakt\/\">kontaktformul\u00e4ret<\/a> eller h\u00f6r av er via telefon 0739-818235.<\/p>\n<p><strong>Old Rock Records<\/strong><br \/>\nMariestadsv\u00e4gen 29<br \/>\n543 35 Tibro<br \/>\nSweden<\/p>\n<p>VAT: SE-556601548201<strong><br \/>\n<\/strong><\/p>\n<p><strong>Best\u00e4llning<br \/>\n<\/strong>Best\u00e4llningar g\u00f6rs endast via denna webbplats, www.retroshopen.nu. F\u00e5r ni problem med er best\u00e4llning kan ni kontakta oss via v\u00e5rt <a href=\"https:\/\/www.retroshopen.nu\/index.php\/kontakt\/\">kontaktformul\u00e4r<\/a> eller ringa oss p\u00e5 telefonnummer 0739818235. Best\u00e4llningar skickas inte f\u00f6rr\u00e4n betalning n\u00e5tt v\u00e5rt konto, l\u00e4s mer om betalning under &#8220;Betalningss\u00e4tt och avgifter&#8221;.<\/p>\n<p><strong>Betalningss\u00e4tt och avgifter<br \/>\n<\/strong>Betala direkt till v\u00e5rt bankgirokonto, PayPal eller via Swish (se uppgifter nedan).<br \/>\nAnv\u00e4nd ditt Order-ID som referens vid betalning.<br \/>\nDin order skickas inte f\u00f6rr\u00e4n betalningen n\u00e5tt v\u00e5rt konto.<\/p>\n<p>Swish: 0739818235 Donald Hellgren<br \/>\nPayPal order@old-rock.com<\/p>\n<p>Oavsett betals\u00e4tt betalar du 69:- i Frakt &amp; Expeditionsavgift.<br \/>\nPaket skickas med DHL, Schenker. Postnord<\/p>\n<p>Frakt utanf\u00f6r Sverige?<br \/>\n<a href=\"https:\/\/www.retroshopen.nu\/index.php\/kontakt\/\">Kontakta oss <\/a>f\u00f6r mer information.<\/p>\n<p><strong>Priser<\/strong><br \/>\nSamtliga priser i webbshoppen \u00e4r i svenska kronor och inklusive 25 % moms.<\/p>\n<p><strong>Giltighetstid och fel i publicering<\/strong><br \/>\nVi reserverar oss f\u00f6r prisjusteringar, prisfel, lagerf\u00f6r\u00e4ndringar och eventuella tekniska fel p\u00e5 webbplatsen, webbl\u00e4saren, n\u00e4tverk och servrar. Vi f\u00f6rbeh\u00e5ller oss r\u00e4tten att korrigera produkttexter, bilder och priser som skrivits p\u00e5 webbplatsen. Vi reserverar oss f\u00f6r att vissa varor kan utg\u00e5 eller slutf\u00f6rs\u00e4ljas.<\/p>\n<p><strong>Leveranser<\/strong><br \/>\nOm best\u00e4lld vara finns i lager s\u00e5 skickar vi normalt din order inom 1-3 vardagar (Postens och DHL\/Schenkers leveranstid tillkommer) Leverans sker till platser inom Sverige. Det intr\u00e4ffar tyv\u00e4rr att vissa varor tar slut i v\u00e5rt lager.<\/p>\n<p><strong>Transportf\u00f6rs\u00e4kring<\/strong><br \/>\nAlla f\u00f6rs\u00e4ndelser \u00e4r transportf\u00f6rs\u00e4krade. Vid transportskada, reklamera f\u00f6rs\u00e4ndelsen utan dr\u00f6jsm\u00e5l till utl\u00e4mnaren (Posten eller transportbolaget). Utifr\u00e5n synliga skador \u00e4r att betrakta som transportskador.<\/p>\n<p><strong>\u00c5ngerr\u00e4tt<br \/>\n<\/strong><\/p>\n<p>Distanshandelslagen (2000:274) ger dig m\u00f6jlighet att \u00e5ngra k\u00f6p inom 14 dagar. \u00c5ngerfristen b\u00f6rjar l\u00f6pa den dag du tar emot varan och informationen om \u00e5ngerr\u00e4tten (baksidan p\u00e5 f\u00f6ljesedeln). Enligt EU:s konsument r\u00e4ttighetsdirektiv (2011\/83\/EU) skall varan vara \u00e5ters\u00e4nd inom 14 dagar efter att du utnyttjar \u00e5ngerr\u00e4tten.<\/p>\n<p>Returfrakten betalar Du sj\u00e4lv.<\/p>\n<p>F\u00f6rseglade produkter ska returneras i obruten f\u00f6rpackning. \u00d6vriga produkter har du r\u00e4tt att \u00f6ppna f\u00f6r att kontrollera varans funktion. Om varan \u00e4r mer anv\u00e4nd \u00e4n vad som beh\u00f6vts f\u00f6r att kontrollera varans funktion kommer ers\u00e4ttning f\u00f6r v\u00e4rdeminskning att faktureras alternativt dras fr\u00e5n det belopp som \u00e5terbetalas.<\/p>\n<p><strong>Reklamation<\/strong><br \/>\nKontakta oss innan du returnerar en vara. En vid leverans trasig eller felexpedierad varan b\u00f6r returneras inom 14 dagar. reklamationen skall ske inom &#8220;sk\u00e4lig tid&#8221; fr\u00e5n det att felet uppt\u00e4ckts. Reklamation som sker inom 14 dagar fr\u00e5n k\u00f6pet r\u00e4knas alltid som sk\u00e4lig tid. \u00d6nskas pengar \u00e5ter f\u00f6r varan r\u00e4knas detta som \u00e5ngerk\u00f6p se info under rubrik &#8220;\u00e5ngerr\u00e4tt&#8221;. Om du ska skicka en produkt till oss f\u00f6r reklamation s\u00e5 ber vi dig att f\u00f6rst kontakta oss via <a href=\"https:\/\/www.retroshopen.nu\/index.php\/kontakt\/\">v\u00e5rt kontaktformul\u00e4r <\/a>och uppge artikelnummer, produktnamn, ink\u00f6psdatum, f\u00f6ljesedel-\/ordernummer, vad som \u00e4r fel och komplett adress. Om vi beh\u00f6ver f\u00e5 in produkten f\u00f6r unders\u00f6kning s\u00e5 skickar vi en fraktsedel s\u00e5 du slipper betala n\u00e5gon fraktavgift. Om du inte anv\u00e4nder en fraktsedel du f\u00e5tt av oss, ange \u00e4ven hur du vill att eventuella fraktkostnader \u00e5terbetalas vid en godk\u00e4nd reklamation.<\/p>\n<p><strong>Garanti<\/strong><br \/>\nVi l\u00e4mnar 1 \u00e5rs garanti p\u00e5 v\u00e5ra varor. Alla garantier g\u00e4ller i Sverige. Garantin g\u00e4ller fr\u00e5n ink\u00f6psdatum och omfattar fabrikations och materialfel. F\u00f6rslitningsskador eller f\u00f6rbrukningsartiklar omfattas inte av garantin. Vidare g\u00e4ller inte garantin vid skada orsakad av oaktsamhet eller olycka. Om fel p\u00e5 produkt av aktuell verkstad inte bed\u00f6ms som garantifel kan kunden komma att debiteras reparations- eller unders\u00f6kningskostnad. F\u00f6ljesedeln g\u00e4ller som garantibevis och skall alltid skickas med vid reklamation. Returfrakt ing\u00e5r ej i garantin.<\/p>\n<p><strong>Personregister<\/strong><br \/>\nRetroshopen lagrar personuppgifter i ett register. Uppgifterna, som uppdateras regelbundet, anv\u00e4nds i syfte att uppr\u00e4tth\u00e5lla kundrelationen och \u00e4ven f\u00f6r v\u00e5r egen marknadsf\u00f6ring f\u00f6r att Du som kund skall kunna ta del av intressanta erbjudanden. Du kan n\u00e4r som helst tacka nej till att f\u00e5 s\u00e5dana erbjudanden och du kan en g\u00e5ng om \u00e5ret kostnadsfritt ta del av personuppgifterna. Din e-mail adress l\u00e4mnas aldrig ut till andra f\u00f6retag!<\/p>\n<p><strong>Cookies<br \/>\n<\/strong>Everybody who visits a web site with cookies should be informed that the web site contains cookies, what these are used for and how you can avoid cookies. This according to the Swedish Electronic Communications Act (Swedish law SFS 2003:389), entered into force on 25th of July 2003.<\/p>\n<p>Cookies are small text files which is saved on your computer by the website you visit.<\/p>\n<p>So called session cookies, i.e. temporary files, are used on Retroshopen&#8217;s web site (<a href=\"https:\/\/www.retroshopen.nu\">www.retroshopen.nu<\/a>) to power the e-commerce system, and to keep track on what items you have put in your &#8220;shopping cart&#8221;. Turning off cookies will affect your possibility to use our website.<\/p>\n<p>How to shut off cookies depends on the type of web browser. Read the &#8220;Help&#8221; or equivalent menu on your web browser for instructions.<\/p>\n<p>By continuing to browse the site, you are agreeing to our use of cookies.<\/p>\n","protected":false},"excerpt":{"rendered":"<p>Information Retroshopen drivs av Old Rock Records, som finns bel\u00e4get i Tibro. F\u00f6r att komma i kontakt med oss, anv\u00e4nd kontaktformul\u00e4ret eller h\u00f6r av er via telefon 0739-818235. Old Rock Records Mariestadsv\u00e4gen 29 543 35 Tibro Sweden VAT: SE-556601548201 Best\u00e4llning Best\u00e4llningar g\u00f6rs endast via denna webbplats, www.retroshopen.nu. F\u00e5r ni problem med er best\u00e4llning kan ni [&hellip;]<\/p>\n","protected":false},"author":1,"featured_media":0,"parent":0,"menu_order":0,"comment_status":"closed","ping_status":"closed","template":"","meta":{"footnotes":""},"class_list":["post-88","page","type-page","status-publish","hentry"],"_links":{"self":[{"href":"https:\/\/www.retroshopen.nu\/index.php\/wp-json\/wp\/v2\/pages\/88","targetHints":{"allow":["GET"]}}],"collection":[{"href":"https:\/\/www.retroshopen.nu\/index.php\/wp-json\/wp\/v2\/pages"}],"about":[{"href":"https:\/\/www.retroshopen.nu\/index.php\/wp-json\/wp\/v2\/types\/page"}],"author":[{"embeddable":true,"href":"https:\/\/www.retroshopen.nu\/index.php\/wp-json\/wp\/v2\/users\/1"}],"replies":[{"embeddable":true,"href":"https:\/\/www.retroshopen.nu\/index.php\/wp-json\/wp\/v2\/comments?post=88"}],"version-history":[{"count":22,"href":"https:\/\/www.retroshopen.nu\/index.php\/wp-json\/wp\/v2\/pages\/88\/revisions"}],"predecessor-version":[{"id":8149,"href":"https:\/\/www.retroshopen.nu\/index.php\/wp-json\/wp\/v2\/pages\/88\/revisions\/8149"}],"wp:attachment":[{"href":"https:\/\/www.retroshopen.nu\/index.php\/wp-json\/wp\/v2\/media?parent=88"}],"curies":[{"name":"wp","href":"https:\/\/api.w.org\/{rel}","templated":true}]}}