{"id":29,"date":"2016-11-09T16:21:54","date_gmt":"2016-11-09T15:21:54","guid":{"rendered":"http:\/\/www.retroshopen.nu\/?page_id=29"},"modified":"2024-05-27T20:11:16","modified_gmt":"2024-05-27T18:11:16","slug":"kontakt","status":"publish","type":"page","link":"https:\/\/www.retroshopen.nu\/index.php\/kontakt\/","title":{"rendered":"Kontakt"},"content":{"rendered":"<p>[vc_row][vc_column width=&#8221;2\/3&#8243;]\n<div class=\"wpcf7 no-js\" id=\"wpcf7-f8126-o1\" lang=\"sv-SE\" dir=\"ltr\" data-wpcf7-id=\"8126\">\n<div class=\"screen-reader-response\"><p role=\"status\" aria-live=\"polite\" aria-atomic=\"true\"><\/p> <ul><\/ul><\/div>\n<form action=\"\/index.php\/wp-json\/wp\/v2\/pages\/29#wpcf7-f8126-o1\" method=\"post\" class=\"wpcf7-form init\" aria-label=\"Kontaktformul\u00e4r\" novalidate=\"novalidate\" data-status=\"init\">\n<fieldset class=\"hidden-fields-container\"><input type=\"hidden\" name=\"_wpcf7\" value=\"8126\" \/><input type=\"hidden\" name=\"_wpcf7_version\" value=\"6.1.5\" \/><input type=\"hidden\" name=\"_wpcf7_locale\" value=\"sv_SE\" \/><input type=\"hidden\" name=\"_wpcf7_unit_tag\" value=\"wpcf7-f8126-o1\" \/><input type=\"hidden\" name=\"_wpcf7_container_post\" value=\"0\" \/><input type=\"hidden\" name=\"_wpcf7_posted_data_hash\" value=\"\" \/><input type=\"hidden\" name=\"_wpcf7_recaptcha_response\" value=\"\" \/>\n<\/fieldset>\n<p><label> Ditt namn<br \/>\n<span class=\"wpcf7-form-control-wrap\" data-name=\"your-name\"><input size=\"40\" maxlength=\"400\" class=\"wpcf7-form-control wpcf7-text wpcf7-validates-as-required\" autocomplete=\"name\" aria-required=\"true\" aria-invalid=\"false\" value=\"\" type=\"text\" name=\"your-name\" \/><\/span> <\/label>\n<\/p>\n<p><label> Din e-postadress<br \/>\n<span class=\"wpcf7-form-control-wrap\" data-name=\"your-email\"><input size=\"40\" maxlength=\"400\" class=\"wpcf7-form-control wpcf7-email wpcf7-validates-as-required wpcf7-text wpcf7-validates-as-email\" autocomplete=\"email\" aria-required=\"true\" aria-invalid=\"false\" value=\"\" type=\"email\" name=\"your-email\" \/><\/span> <\/label>\n<\/p>\n<p><label> Ditt meddelande<br \/>\n<span class=\"wpcf7-form-control-wrap\" data-name=\"your-message\"><textarea cols=\"40\" rows=\"10\" maxlength=\"2000\" class=\"wpcf7-form-control wpcf7-textarea\" aria-invalid=\"false\" name=\"your-message\"><\/textarea><\/span> <\/label>\n<\/p>\n<p><input class=\"wpcf7-form-control wpcf7-submit has-spinner\" type=\"submit\" value=\"Skicka\" \/>\n<\/p><div class=\"wpcf7-response-output\" aria-hidden=\"true\"><\/div>\n<\/form>\n<\/div>\n[\/vc_column][vc_column width=&#8221;1\/3&#8243;][vc_column_text]Retroshopen drivs av Old Rock Records, som finns bel\u00e4get i Tibro. Vi har \u00f6ver 1000 artiklar f\u00f6r f\u00f6rs\u00e4ljning inom ny och gammal Rock N Roll, Rockabilly, Teen, Hillbilly (\u00e4ven svenskt), CD, LP, 45rpm, DVD och s\u00e5 klart retroprylar fr\u00e5n 50- och 60-talet.<\/p>\n<p>F\u00f6r att komma i kontakt med oss, anv\u00e4nd formul\u00e4ret eller h\u00f6r av er via telefon 0739-818235.<\/p>\n<p><strong>Old Rock Records<\/strong><br \/>\nVillagatan 9<br \/>\n543 33 Tibro<br \/>\nSweden<br \/>\nretroshopen@old-rock.com<\/p>\n<p>VAT: SE-556601548201[\/vc_column_text][\/vc_column][\/vc_row][vc_row][vc_column][vc_gmaps link=&#8221;#E-8_JTNDaWZyYW1lJTIwc3JjJTNEJTIyaHR0cHMlM0ElMkYlMkZ3d3cuZ29vZ2xlLmNvbSUyRm1hcHMlMkZlbWJlZCUzRnBiJTNEJTIxMW0xOCUyMTFtMTIlMjExbTMlMjExZDIwODguNzQ5NzYzODQxNjgwNyUyMTJkMTQuMTU3NDI1NDE2MDU2NTY1JTIxM2Q1OC40MzEzMzQ5ODk3MzU3JTIxMm0zJTIxMWYwJTIxMmYwJTIxM2YwJTIxM20yJTIxMWkxMDI0JTIxMmk3NjglMjE0ZjEzLjElMjEzbTMlMjExbTIlMjExczB4NDY1YmE5NmEzYTczYTkzYiUyNTNBMHhhYmU3ZmVmM2Y0ZjVjNGYyJTIxMnNNYXJpZXN0YWRzdiUyNUMzJTI1QTRnZW4lMkIyOSUyNTJDJTJCNTQzJTJCMzUlMkJUaWJybyUyMTVlMCUyMTNtMiUyMTFzc3YlMjEyc3NlJTIxNHYxNDc4NzkxOTY5NTY3JTIyJTIwd2lkdGglM0QlMjI2MDAlMjIlMjBoZWlnaHQlM0QlMjI0NTAlMjIlMjBmcmFtZWJvcmRlciUzRCUyMjAlMjIlMjBzdHlsZSUzRCUyMmJvcmRlciUzQTAlMjIlMjBhbGxvd2Z1bGxzY3JlZW4lM0UlM0MlMkZpZnJhbWUlM0U=&#8221;][\/vc_column][\/vc_row]<\/p>\n","protected":false},"excerpt":{"rendered":"<p>[vc_row][vc_column width=&#8221;2\/3&#8243;][\/vc_column][vc_column width=&#8221;1\/3&#8243;][vc_column_text]Retroshopen drivs av Old Rock Records, som finns bel\u00e4get i Tibro. Vi har \u00f6ver 1000 artiklar f\u00f6r f\u00f6rs\u00e4ljning inom ny och gammal Rock N Roll, Rockabilly, Teen, Hillbilly (\u00e4ven svenskt), CD, LP, 45rpm, DVD och s\u00e5 klart retroprylar fr\u00e5n 50- och 60-talet. F\u00f6r att komma i kontakt med oss, anv\u00e4nd formul\u00e4ret eller h\u00f6r [&hellip;]<\/p>\n","protected":false},"author":1,"featured_media":0,"parent":0,"menu_order":0,"comment_status":"closed","ping_status":"closed","template":"template-contactpage.php","meta":{"footnotes":""},"class_list":["post-29","page","type-page","status-publish","hentry"],"_links":{"self":[{"href":"https:\/\/www.retroshopen.nu\/index.php\/wp-json\/wp\/v2\/pages\/29","targetHints":{"allow":["GET"]}}],"collection":[{"href":"https:\/\/www.retroshopen.nu\/index.php\/wp-json\/wp\/v2\/pages"}],"about":[{"href":"https:\/\/www.retroshopen.nu\/index.php\/wp-json\/wp\/v2\/types\/page"}],"author":[{"embeddable":true,"href":"https:\/\/www.retroshopen.nu\/index.php\/wp-json\/wp\/v2\/users\/1"}],"replies":[{"embeddable":true,"href":"https:\/\/www.retroshopen.nu\/index.php\/wp-json\/wp\/v2\/comments?post=29"}],"version-history":[{"count":14,"href":"https:\/\/www.retroshopen.nu\/index.php\/wp-json\/wp\/v2\/pages\/29\/revisions"}],"predecessor-version":[{"id":8128,"href":"https:\/\/www.retroshopen.nu\/index.php\/wp-json\/wp\/v2\/pages\/29\/revisions\/8128"}],"wp:attachment":[{"href":"https:\/\/www.retroshopen.nu\/index.php\/wp-json\/wp\/v2\/media?parent=29"}],"curies":[{"name":"wp","href":"https:\/\/api.w.org\/{rel}","templated":true}]}}